{"id":6760,"date":"2024-10-11T08:26:14","date_gmt":"2024-10-11T08:26:14","guid":{"rendered":"https:\/\/tenessy.com\/?page_id=6760"},"modified":"2024-10-11T08:36:04","modified_gmt":"2024-10-11T08:36:04","slug":"privacy-policy","status":"publish","type":"page","link":"https:\/\/tenessy.com\/de\/datenschutzbestimmungen\/","title":{"rendered":"Datenschutzbestimmungen"},"content":{"rendered":"<div data-elementor-type=\"wp-page\" data-elementor-id=\"6760\" class=\"elementor elementor-6760\" data-elementor-post-type=\"page\">\n\t\t\t\t<div class=\"elementor-element elementor-element-518b15be e-flex e-con-boxed e-con e-parent\" data-id=\"518b15be\" data-element_type=\"container\" data-settings=\"{&quot;background_background&quot;:&quot;classic&quot;,&quot;ekit_has_onepagescroll_dot&quot;:&quot;yes&quot;}\">\n\t\t\t\t\t<div class=\"e-con-inner\">\n\t\t<div class=\"elementor-element elementor-element-61d07a0d e-con-full e-flex e-con e-child\" data-id=\"61d07a0d\" data-element_type=\"container\" data-settings=\"{&quot;ekit_has_onepagescroll_dot&quot;:&quot;yes&quot;}\">\n\t\t\t\t<div class=\"elementor-element elementor-element-3363085d elementor-invisible elementor-widget elementor-widget-heading\" data-id=\"3363085d\" data-element_type=\"widget\" data-settings=\"{&quot;_animation&quot;:&quot;fadeInUp&quot;,&quot;ekit_we_effect_on&quot;:&quot;none&quot;}\" data-widget_type=\"heading.default\">\n\t\t\t\t<div class=\"elementor-widget-container\">\n\t\t\t\t\t<h1 class=\"elementor-heading-title elementor-size-default\">Datenschutzbestimmungen<\/h1>\t\t\t\t<\/div>\n\t\t\t\t<\/div>\n\t\t\t\t<div class=\"elementor-element elementor-element-1b29f31 elementor-widget elementor-widget-elementskit-breadcrumb\" data-id=\"1b29f31\" data-element_type=\"widget\" data-settings=\"{&quot;ekit_we_effect_on&quot;:&quot;none&quot;}\" data-widget_type=\"elementskit-breadcrumb.default\">\n\t\t\t\t<div class=\"elementor-widget-container\">\n\t\t\t\t\t<div class=\"ekit-wid-con\" ><ol class=\"ekit-breadcrumb\"><li class=\"ekit_breadcrumbs_start\"><a href=\"https:\/\/tenessy.com\/de\">Startseite<\/a><\/li><\/ol><\/div>\t\t\t\t<\/div>\n\t\t\t\t<\/div>\n\t\t\t\t<\/div>\n\t\t\t\t\t<\/div>\n\t\t\t\t<\/div>\n\t\t<div class=\"elementor-element elementor-element-3ff4295 e-flex e-con-boxed e-con e-parent\" data-id=\"3ff4295\" data-element_type=\"container\" data-settings=\"{&quot;ekit_has_onepagescroll_dot&quot;:&quot;yes&quot;}\">\n\t\t\t\t\t<div class=\"e-con-inner\">\n\t\t\t\t<div class=\"elementor-element elementor-element-fe0cc1a elementor-widget elementor-widget-heading\" data-id=\"fe0cc1a\" data-element_type=\"widget\" data-settings=\"{&quot;ekit_we_effect_on&quot;:&quot;none&quot;}\" data-widget_type=\"heading.default\">\n\t\t\t\t<div class=\"elementor-widget-container\">\n\t\t\t\t\t<h2 class=\"elementor-heading-title elementor-size-default\">TENESSY-Datenschutzerkl\u00e4rung<\/h2>\t\t\t\t<\/div>\n\t\t\t\t<\/div>\n\t\t\t\t<div class=\"elementor-element elementor-element-bf8828b elementor-widget elementor-widget-text-editor\" data-id=\"bf8828b\" data-element_type=\"widget\" data-settings=\"{&quot;ekit_we_effect_on&quot;:&quot;none&quot;}\" data-widget_type=\"text-editor.default\">\n\t\t\t\t<div class=\"elementor-widget-container\">\n\t\t\t\t\t\t\t\t\t<p>TENESSY nimmt Ihre Privatsph\u00e4re sehr ernst und verpflichtet sich zum Schutz Ihrer pers\u00f6nlichen Informationen und zur Datensicherheit. Im Folgenden finden Sie eine Erkl\u00e4rung \u00fcber die Datenschutzpolitik von TENESSY und die Verpflichtung zur Vertraulichkeit.<\/p>\t\t\t\t\t\t\t\t<\/div>\n\t\t\t\t<\/div>\n\t\t\t\t<div class=\"elementor-element elementor-element-8d47355 elementor-widget elementor-widget-heading\" data-id=\"8d47355\" data-element_type=\"widget\" data-settings=\"{&quot;ekit_we_effect_on&quot;:&quot;none&quot;}\" data-widget_type=\"heading.default\">\n\t\t\t\t<div class=\"elementor-widget-container\">\n\t\t\t\t\t<h3 class=\"elementor-heading-title elementor-size-default\">1. \u00dcberblick \u00fcber die Datenschutzpolitik<\/h3>\t\t\t\t<\/div>\n\t\t\t\t<\/div>\n\t\t\t\t<div class=\"elementor-element elementor-element-1276d7e elementor-widget elementor-widget-text-editor\" data-id=\"1276d7e\" data-element_type=\"widget\" data-settings=\"{&quot;ekit_we_effect_on&quot;:&quot;none&quot;}\" data-widget_type=\"text-editor.default\">\n\t\t\t\t<div class=\"elementor-widget-container\">\n\t\t\t\t\t\t\t\t\t<p>TENESSY sammelt und verwendet Ihre pers\u00f6nlichen Daten, um Ihnen einen hochwertigen Service und ein angenehmes Erlebnis zu bieten. Unser Schutz der Privatsph\u00e4re gilt f\u00fcr alle Ihre Aktivit\u00e4ten auf der TENESSY-Website, einschlie\u00dflich, aber nicht beschr\u00e4nkt auf Ihr Surfen, Ihre Eink\u00e4ufe, Ihre Registrierung, das Hinterlassen von Nachrichten und andere Verhaltensweisen.<br \/>Wir werden Ihre pers\u00f6nlichen Daten nur mit Ihrer Zustimmung oder im Rahmen der gesetzlichen Bestimmungen erfassen und verwenden. Wir versprechen, dass wir uns bei der Verarbeitung Ihrer personenbezogenen Daten streng an die einschl\u00e4gigen Gesetze und Vorschriften halten und geeignete Ma\u00dfnahmen zum Schutz Ihrer Privatsph\u00e4re ergreifen.<\/p>\t\t\t\t\t\t\t\t<\/div>\n\t\t\t\t<\/div>\n\t\t\t\t<div class=\"elementor-element elementor-element-a868ce4 elementor-widget elementor-widget-heading\" data-id=\"a868ce4\" data-element_type=\"widget\" data-settings=\"{&quot;ekit_we_effect_on&quot;:&quot;none&quot;}\" data-widget_type=\"heading.default\">\n\t\t\t\t<div class=\"elementor-widget-container\">\n\t\t\t\t\t<h3 class=\"elementor-heading-title elementor-size-default\">2. Ma\u00dfnahmen zur Datensicherheit<\/h3>\t\t\t\t<\/div>\n\t\t\t\t<\/div>\n\t\t\t\t<div class=\"elementor-element elementor-element-1ede974 elementor-widget elementor-widget-text-editor\" data-id=\"1ede974\" data-element_type=\"widget\" data-settings=\"{&quot;ekit_we_effect_on&quot;:&quot;none&quot;}\" data-widget_type=\"text-editor.default\">\n\t\t\t\t<div class=\"elementor-widget-container\">\n\t\t\t\t\t\t\t\t\t<p>Um die Sicherheit Ihrer Daten zu gew\u00e4hrleisten, haben wir die folgenden Ma\u00dfnahmen getroffen:<br \/>Verschl\u00fcsselung der Daten: Wir speichern Ihre pers\u00f6nlichen Daten verschl\u00fcsselt auf unseren Servern, um unbefugten Zugriff und Datenverluste zu verhindern.<br \/>Zugangskontrolle: Wir schr\u00e4nken den Zugang zu Ihren pers\u00f6nlichen Daten streng ein und verwenden sie nur von Mitarbeitern und Partnern, die sie ben\u00f6tigen.<br \/>Datensicherung: Wir erstellen regelm\u00e4\u00dfig Sicherungskopien Ihrer pers\u00f6nlichen Daten, um Datenverlust oder -besch\u00e4digung zu vermeiden.<\/p>\t\t\t\t\t\t\t\t<\/div>\n\t\t\t\t<\/div>\n\t\t\t\t<div class=\"elementor-element elementor-element-da5b2b9 elementor-widget elementor-widget-heading\" data-id=\"da5b2b9\" data-element_type=\"widget\" data-settings=\"{&quot;ekit_we_effect_on&quot;:&quot;none&quot;}\" data-widget_type=\"heading.default\">\n\t\t\t\t<div class=\"elementor-widget-container\">\n\t\t\t\t\t<h3 class=\"elementor-heading-title elementor-size-default\">3. Schutz der Nutzerrechte und -interessen<\/h3>\t\t\t\t<\/div>\n\t\t\t\t<\/div>\n\t\t\t\t<div class=\"elementor-element elementor-element-6786bdc elementor-widget elementor-widget-text-editor\" data-id=\"6786bdc\" data-element_type=\"widget\" data-settings=\"{&quot;ekit_we_effect_on&quot;:&quot;none&quot;}\" data-widget_type=\"text-editor.default\">\n\t\t\t\t<div class=\"elementor-widget-container\">\n\t\t\t\t\t\t\t\t\t<p>Wir legen gro\u00dfen Wert auf Ihre Rechte und ergreifen die folgenden Ma\u00dfnahmen zum Schutz Ihrer Privatsph\u00e4re und Ihrer Sicherheit:<br \/>Schutz der Benutzerinformationen: Wir versprechen, Ihre pers\u00f6nlichen Daten nicht an Dritte zu verkaufen oder zu vermieten, es sei denn, Sie stimmen ausdr\u00fccklich zu oder es ist gesetzlich vorgeschrieben.<br \/>Schutz des geistigen Eigentums: Wir respektieren Ihre Rechte an geistigem Eigentum und ergreifen Ma\u00dfnahmen, um zu verhindern, dass Ihre personenbezogenen Daten f\u00fcr illegale Zwecke verwendet werden.<br \/>Umgang mit Verst\u00f6\u00dfen: Wenn Sie ein Verhalten feststellen, das gegen diese Datenschutzrichtlinie verst\u00f6\u00dft, setzen Sie sich bitte umgehend mit uns in Verbindung, und wir werden geeignete Ma\u00dfnahmen ergreifen, um \u00e4hnliches Verhalten zu korrigieren und zu verhindern.<\/p>\t\t\t\t\t\t\t\t<\/div>\n\t\t\t\t<\/div>\n\t\t\t\t<div class=\"elementor-element elementor-element-c0eed1f elementor-widget elementor-widget-heading\" data-id=\"c0eed1f\" data-element_type=\"widget\" data-settings=\"{&quot;ekit_we_effect_on&quot;:&quot;none&quot;}\" data-widget_type=\"heading.default\">\n\t\t\t\t<div class=\"elementor-widget-container\">\n\t\t\t\t\t<h3 class=\"elementor-heading-title elementor-size-default\">4. Haftungsausschluss<\/h3>\t\t\t\t<\/div>\n\t\t\t\t<\/div>\n\t\t\t\t<div class=\"elementor-element elementor-element-0d6ab82 elementor-widget elementor-widget-text-editor\" data-id=\"0d6ab82\" data-element_type=\"widget\" data-settings=\"{&quot;ekit_we_effect_on&quot;:&quot;none&quot;}\" data-widget_type=\"text-editor.default\">\n\t\t\t\t<div class=\"elementor-widget-container\">\n\t\t\t\t\t\t\t\t\t<p>NUTZUNGSRISIKO UND VERANTWORTUNG: Wenn Sie die TENESSY-Website nutzen, tun Sie dies auf eigene Gefahr und Verantwortung.<br>Haftungsausschluss f\u00fcr rechtswidrige Handlungen: TENESSY haftet nicht f\u00fcr illegale Handlungen, auf die Sie oder andere Nutzer bei der Nutzung dieser Website sto\u00dfen.<br>Pflege der Netzumgebung: TENESSY fordert alle Nutzer auf, die Regeln dieser Website zu respektieren und aktiv eine gute Netzwerkumgebung aufrechtzuerhalten.<\/p><p><br>Wenn Sie Fragen oder Anregungen zu dieser Datenschutzerkl\u00e4rung haben, nehmen Sie bitte Kontakt mit uns auf:<br>E-Mail: info@tenessy.com<br>Kundendienst-Hotline: +86 131 5618 5750<br>Diese Datenschutzerkl\u00e4rung wird laufend aktualisiert, um sie an neue Gesetze und Vorschriften sowie gesch\u00e4ftliche Anforderungen anzupassen. Im Falle von \u00c4nderungen werden wir einen Hinweis auf dieser Seite ver\u00f6ffentlichen. Bitte behalten Sie diese Datenschutzerkl\u00e4rung im Auge, um den neuesten Inhalt zu erhalten.<\/p>\t\t\t\t\t\t\t\t<\/div>\n\t\t\t\t<\/div>\n\t\t\t\t\t<\/div>\n\t\t\t\t<\/div>\n\t\t\t\t<\/div>","protected":false},"excerpt":{"rendered":"<p>Home TENESSY Privacy Statement TENESSY takes your privacy very seriously and is committed to protecting your personal information and data security. The following is a statement about TENESSY&#8217;s privacy policy and confidentiality commitment. 1. Overview of Privacy Policy TENESSY collects and uses your personal information to provide you with quality service and a pleasant experience. [&hellip;]<\/p>","protected":false},"author":1,"featured_media":0,"parent":0,"menu_order":0,"comment_status":"closed","ping_status":"closed","template":"","meta":{"_monsterinsights_skip_tracking":false,"_monsterinsights_sitenote_active":false,"_monsterinsights_sitenote_note":"","_monsterinsights_sitenote_category":0,"footnotes":""},"class_list":["post-6760","page","type-page","status-publish","hentry"],"yoast_head":"<!-- This site is optimized with the Yoast SEO plugin v24.7 - https:\/\/yoast.com\/wordpress\/plugins\/seo\/ -->\n<title>Privacy Policy - HPMC|HEMC|HEC|RDP Manufacturer-TENESSY<\/title>\n<meta name=\"robots\" content=\"index, follow, max-snippet:-1, max-image-preview:large, max-video-preview:-1\" \/>\n<link rel=\"canonical\" href=\"https:\/\/tenessy.com\/de\/datenschutzbestimmungen\/\" \/>\n<meta property=\"og:locale\" content=\"de_DE\" \/>\n<meta property=\"og:type\" content=\"article\" \/>\n<meta property=\"og:title\" content=\"Privacy Policy - HPMC|HEMC|HEC|RDP Manufacturer-TENESSY\" \/>\n<meta property=\"og:description\" content=\"Home TENESSY Privacy Statement TENESSY takes your privacy very seriously and is committed to protecting your personal information and data security. The following is a statement about TENESSY&#8217;s privacy policy and confidentiality commitment. 1. Overview of Privacy Policy TENESSY collects and uses your personal information to provide you with quality service and a pleasant experience. [&hellip;]\" \/>\n<meta property=\"og:url\" content=\"https:\/\/tenessy.com\/de\/datenschutzbestimmungen\/\" \/>\n<meta property=\"og:site_name\" content=\"HPMC|HEMC|HEC|RDP Manufacturer-TENESSY\" \/>\n<meta property=\"article:modified_time\" content=\"2024-10-11T08:36:04+00:00\" \/>\n<meta name=\"twitter:card\" content=\"summary_large_image\" \/>\n<meta name=\"twitter:label1\" content=\"Est. reading time\" \/>\n\t<meta name=\"twitter:data1\" content=\"2 minutes\" \/>\n<script type=\"application\/ld+json\" class=\"yoast-schema-graph\">{\"@context\":\"https:\/\/schema.org\",\"@graph\":[{\"@type\":\"WebPage\",\"@id\":\"https:\/\/tenessy.com\/privacy-policy\/\",\"url\":\"https:\/\/tenessy.com\/privacy-policy\/\",\"name\":\"Privacy Policy - HPMC|HEMC|HEC|RDP Manufacturer-TENESSY\",\"isPartOf\":{\"@id\":\"https:\/\/tenessy.com\/#website\"},\"datePublished\":\"2024-10-11T08:26:14+00:00\",\"dateModified\":\"2024-10-11T08:36:04+00:00\",\"breadcrumb\":{\"@id\":\"https:\/\/tenessy.com\/privacy-policy\/#breadcrumb\"},\"inLanguage\":\"de-DE\",\"potentialAction\":[{\"@type\":\"ReadAction\",\"target\":[\"https:\/\/tenessy.com\/privacy-policy\/\"]}]},{\"@type\":\"BreadcrumbList\",\"@id\":\"https:\/\/tenessy.com\/privacy-policy\/#breadcrumb\",\"itemListElement\":[{\"@type\":\"ListItem\",\"position\":1,\"name\":\"Home\",\"item\":\"https:\/\/tenessy.com\/\"},{\"@type\":\"ListItem\",\"position\":2,\"name\":\"Privacy Policy\"}]},{\"@type\":\"WebSite\",\"@id\":\"https:\/\/tenessy.com\/#website\",\"url\":\"https:\/\/tenessy.com\/\",\"name\":\"Tenessy Cellulose Ether\",\"description\":\"HPMC|HEMC|HEC|RDP Manufacturer-TENESSY\",\"publisher\":{\"@id\":\"https:\/\/tenessy.com\/#organization\"},\"potentialAction\":[{\"@type\":\"SearchAction\",\"target\":{\"@type\":\"EntryPoint\",\"urlTemplate\":\"https:\/\/tenessy.com\/?s={search_term_string}\"},\"query-input\":{\"@type\":\"PropertyValueSpecification\",\"valueRequired\":true,\"valueName\":\"search_term_string\"}}],\"inLanguage\":\"de-DE\"},{\"@type\":\"Organization\",\"@id\":\"https:\/\/tenessy.com\/#organization\",\"name\":\"Tenessy Cellulose Ether\",\"url\":\"https:\/\/tenessy.com\/\",\"logo\":{\"@type\":\"ImageObject\",\"inLanguage\":\"de-DE\",\"@id\":\"https:\/\/tenessy.com\/#\/schema\/logo\/image\/\",\"url\":\"https:\/\/tenessy.com\/wp-content\/uploads\/2024\/09\/cropped-link-\u5934\u50cf.jpg\",\"contentUrl\":\"https:\/\/tenessy.com\/wp-content\/uploads\/2024\/09\/cropped-link-\u5934\u50cf.jpg\",\"width\":512,\"height\":512,\"caption\":\"Tenessy Cellulose Ether\"},\"image\":{\"@id\":\"https:\/\/tenessy.com\/#\/schema\/logo\/image\/\"}}]}<\/script>\n<!-- \/ Yoast SEO plugin. -->","yoast_head_json":{"title":"Privacy Policy - HPMC|HEMC|HEC|RDP Manufacturer-TENESSY","robots":{"index":"index","follow":"follow","max-snippet":"max-snippet:-1","max-image-preview":"max-image-preview:large","max-video-preview":"max-video-preview:-1"},"canonical":"https:\/\/tenessy.com\/de\/datenschutzbestimmungen\/","og_locale":"de_DE","og_type":"article","og_title":"Privacy Policy - HPMC|HEMC|HEC|RDP Manufacturer-TENESSY","og_description":"Home TENESSY Privacy Statement TENESSY takes your privacy very seriously and is committed to protecting your personal information and data security. The following is a statement about TENESSY&#8217;s privacy policy and confidentiality commitment. 1. Overview of Privacy Policy TENESSY collects and uses your personal information to provide you with quality service and a pleasant experience. [&hellip;]","og_url":"https:\/\/tenessy.com\/de\/datenschutzbestimmungen\/","og_site_name":"HPMC|HEMC|HEC|RDP Manufacturer-TENESSY","article_modified_time":"2024-10-11T08:36:04+00:00","twitter_card":"summary_large_image","twitter_misc":{"Est. reading time":"2 minutes"},"schema":{"@context":"https:\/\/schema.org","@graph":[{"@type":"WebPage","@id":"https:\/\/tenessy.com\/privacy-policy\/","url":"https:\/\/tenessy.com\/privacy-policy\/","name":"Privacy Policy - HPMC|HEMC|HEC|RDP Manufacturer-TENESSY","isPartOf":{"@id":"https:\/\/tenessy.com\/#website"},"datePublished":"2024-10-11T08:26:14+00:00","dateModified":"2024-10-11T08:36:04+00:00","breadcrumb":{"@id":"https:\/\/tenessy.com\/privacy-policy\/#breadcrumb"},"inLanguage":"de-DE","potentialAction":[{"@type":"ReadAction","target":["https:\/\/tenessy.com\/privacy-policy\/"]}]},{"@type":"BreadcrumbList","@id":"https:\/\/tenessy.com\/privacy-policy\/#breadcrumb","itemListElement":[{"@type":"ListItem","position":1,"name":"Home","item":"https:\/\/tenessy.com\/"},{"@type":"ListItem","position":2,"name":"Privacy Policy"}]},{"@type":"WebSite","@id":"https:\/\/tenessy.com\/#website","url":"https:\/\/tenessy.com\/","name":"Tenessy Cellulose Ether","description":"HPMC|HEMC|HEC|RDP Manufacturer-TENESSY","publisher":{"@id":"https:\/\/tenessy.com\/#organization"},"potentialAction":[{"@type":"SearchAction","target":{"@type":"EntryPoint","urlTemplate":"https:\/\/tenessy.com\/?s={search_term_string}"},"query-input":{"@type":"PropertyValueSpecification","valueRequired":true,"valueName":"search_term_string"}}],"inLanguage":"de-DE"},{"@type":"Organization","@id":"https:\/\/tenessy.com\/#organization","name":"Tenessy Cellulose Ether","url":"https:\/\/tenessy.com\/","logo":{"@type":"ImageObject","inLanguage":"de-DE","@id":"https:\/\/tenessy.com\/#\/schema\/logo\/image\/","url":"https:\/\/tenessy.com\/wp-content\/uploads\/2024\/09\/cropped-link-\u5934\u50cf.jpg","contentUrl":"https:\/\/tenessy.com\/wp-content\/uploads\/2024\/09\/cropped-link-\u5934\u50cf.jpg","width":512,"height":512,"caption":"Tenessy Cellulose Ether"},"image":{"@id":"https:\/\/tenessy.com\/#\/schema\/logo\/image\/"}}]}},"_links":{"self":[{"href":"https:\/\/tenessy.com\/de\/wp-json\/wp\/v2\/pages\/6760"}],"collection":[{"href":"https:\/\/tenessy.com\/de\/wp-json\/wp\/v2\/pages"}],"about":[{"href":"https:\/\/tenessy.com\/de\/wp-json\/wp\/v2\/types\/page"}],"author":[{"embeddable":true,"href":"https:\/\/tenessy.com\/de\/wp-json\/wp\/v2\/users\/1"}],"replies":[{"embeddable":true,"href":"https:\/\/tenessy.com\/de\/wp-json\/wp\/v2\/comments?post=6760"}],"version-history":[{"count":4,"href":"https:\/\/tenessy.com\/de\/wp-json\/wp\/v2\/pages\/6760\/revisions"}],"predecessor-version":[{"id":6765,"href":"https:\/\/tenessy.com\/de\/wp-json\/wp\/v2\/pages\/6760\/revisions\/6765"}],"wp:attachment":[{"href":"https:\/\/tenessy.com\/de\/wp-json\/wp\/v2\/media?parent=6760"}],"curies":[{"name":"wp","href":"https:\/\/api.w.org\/{rel}","templated":true}]}}