{"id":6760,"date":"2024-10-11T08:26:14","date_gmt":"2024-10-11T08:26:14","guid":{"rendered":"https:\/\/tenessy.com\/?page_id=6760"},"modified":"2024-10-11T08:36:04","modified_gmt":"2024-10-11T08:36:04","slug":"privacy-policy","status":"publish","type":"page","link":"https:\/\/tenessy.com\/fi\/tietosuojakaytanto\/","title":{"rendered":"Tietosuojak\u00e4yt\u00e4nt\u00f6"},"content":{"rendered":"<div data-elementor-type=\"wp-page\" data-elementor-id=\"6760\" class=\"elementor elementor-6760\" data-elementor-post-type=\"page\">\n\t\t\t\t<div class=\"elementor-element elementor-element-518b15be e-flex e-con-boxed e-con e-parent\" data-id=\"518b15be\" data-element_type=\"container\" data-settings=\"{&quot;background_background&quot;:&quot;classic&quot;,&quot;ekit_has_onepagescroll_dot&quot;:&quot;yes&quot;}\">\n\t\t\t\t\t<div class=\"e-con-inner\">\n\t\t<div class=\"elementor-element elementor-element-61d07a0d e-con-full e-flex e-con e-child\" data-id=\"61d07a0d\" data-element_type=\"container\" data-settings=\"{&quot;ekit_has_onepagescroll_dot&quot;:&quot;yes&quot;}\">\n\t\t\t\t<div class=\"elementor-element elementor-element-3363085d elementor-invisible elementor-widget elementor-widget-heading\" data-id=\"3363085d\" data-element_type=\"widget\" data-settings=\"{&quot;_animation&quot;:&quot;fadeInUp&quot;,&quot;ekit_we_effect_on&quot;:&quot;none&quot;}\" data-widget_type=\"heading.default\">\n\t\t\t\t<div class=\"elementor-widget-container\">\n\t\t\t\t\t<h1 class=\"elementor-heading-title elementor-size-default\">Tietosuojak\u00e4yt\u00e4nt\u00f6<\/h1>\t\t\t\t<\/div>\n\t\t\t\t<\/div>\n\t\t\t\t<div class=\"elementor-element elementor-element-1b29f31 elementor-widget elementor-widget-elementskit-breadcrumb\" data-id=\"1b29f31\" data-element_type=\"widget\" data-settings=\"{&quot;ekit_we_effect_on&quot;:&quot;none&quot;}\" data-widget_type=\"elementskit-breadcrumb.default\">\n\t\t\t\t<div class=\"elementor-widget-container\">\n\t\t\t\t\t<div class=\"ekit-wid-con\" ><ol class=\"ekit-breadcrumb\"><li class=\"ekit_breadcrumbs_start\"><a href=\"https:\/\/tenessy.com\/fi\">Etusivu<\/a><\/li><\/ol><\/div>\t\t\t\t<\/div>\n\t\t\t\t<\/div>\n\t\t\t\t<\/div>\n\t\t\t\t\t<\/div>\n\t\t\t\t<\/div>\n\t\t<div class=\"elementor-element elementor-element-3ff4295 e-flex e-con-boxed e-con e-parent\" data-id=\"3ff4295\" data-element_type=\"container\" data-settings=\"{&quot;ekit_has_onepagescroll_dot&quot;:&quot;yes&quot;}\">\n\t\t\t\t\t<div class=\"e-con-inner\">\n\t\t\t\t<div class=\"elementor-element elementor-element-fe0cc1a elementor-widget elementor-widget-heading\" data-id=\"fe0cc1a\" data-element_type=\"widget\" data-settings=\"{&quot;ekit_we_effect_on&quot;:&quot;none&quot;}\" data-widget_type=\"heading.default\">\n\t\t\t\t<div class=\"elementor-widget-container\">\n\t\t\t\t\t<h2 class=\"elementor-heading-title elementor-size-default\">TENESSY Tietosuojaseloste<\/h2>\t\t\t\t<\/div>\n\t\t\t\t<\/div>\n\t\t\t\t<div class=\"elementor-element elementor-element-bf8828b elementor-widget elementor-widget-text-editor\" data-id=\"bf8828b\" data-element_type=\"widget\" data-settings=\"{&quot;ekit_we_effect_on&quot;:&quot;none&quot;}\" data-widget_type=\"text-editor.default\">\n\t\t\t\t<div class=\"elementor-widget-container\">\n\t\t\t\t\t\t\t\t\t<p>TENESSY suhtautuu yksityisyyteesi eritt\u00e4in vakavasti ja on sitoutunut suojelemaan henkil\u00f6tietojasi ja tietoturvaasi. Seuraavassa on selvitys TENESSYn tietosuojak\u00e4yt\u00e4nn\u00f6st\u00e4 ja salassapitositoumuksesta.<\/p>\t\t\t\t\t\t\t\t<\/div>\n\t\t\t\t<\/div>\n\t\t\t\t<div class=\"elementor-element elementor-element-8d47355 elementor-widget elementor-widget-heading\" data-id=\"8d47355\" data-element_type=\"widget\" data-settings=\"{&quot;ekit_we_effect_on&quot;:&quot;none&quot;}\" data-widget_type=\"heading.default\">\n\t\t\t\t<div class=\"elementor-widget-container\">\n\t\t\t\t\t<h3 class=\"elementor-heading-title elementor-size-default\">1. Yleiskatsaus tietosuojak\u00e4yt\u00e4nt\u00f6\u00f6n<\/h3>\t\t\t\t<\/div>\n\t\t\t\t<\/div>\n\t\t\t\t<div class=\"elementor-element elementor-element-1276d7e elementor-widget elementor-widget-text-editor\" data-id=\"1276d7e\" data-element_type=\"widget\" data-settings=\"{&quot;ekit_we_effect_on&quot;:&quot;none&quot;}\" data-widget_type=\"text-editor.default\">\n\t\t\t\t<div class=\"elementor-widget-container\">\n\t\t\t\t\t\t\t\t\t<p>TENESSY ker\u00e4\u00e4 ja k\u00e4ytt\u00e4\u00e4 henkil\u00f6kohtaisia tietojasi tarjotakseen sinulle laadukasta palvelua ja miellytt\u00e4vi\u00e4 kokemuksia. Yksityisyydensuojamme kattaa kaikki toimintasi TENESSYn verkkosivustolla, mukaan lukien, mutta ei rajoittuen, selailu, ostaminen, rekister\u00f6ityminen, viestien j\u00e4tt\u00e4minen ja muu k\u00e4ytt\u00e4ytyminen.<br \/>Ker\u00e4\u00e4mme ja k\u00e4yt\u00e4mme henkil\u00f6tietojasi vain suostumuksellasi tai lain edellytt\u00e4m\u00e4ll\u00e4 tavalla. Lupaamme noudattaa tiukasti asiaankuuluvia lakeja ja asetuksia k\u00e4sitelless\u00e4mme henkil\u00f6tietojasi ja ryhty\u00e4 asianmukaisiin toimenpiteisiin yksityisyytesi suojaamiseksi.<\/p>\t\t\t\t\t\t\t\t<\/div>\n\t\t\t\t<\/div>\n\t\t\t\t<div class=\"elementor-element elementor-element-a868ce4 elementor-widget elementor-widget-heading\" data-id=\"a868ce4\" data-element_type=\"widget\" data-settings=\"{&quot;ekit_we_effect_on&quot;:&quot;none&quot;}\" data-widget_type=\"heading.default\">\n\t\t\t\t<div class=\"elementor-widget-container\">\n\t\t\t\t\t<h3 class=\"elementor-heading-title elementor-size-default\">2. Tietoturvatoimenpiteet<\/h3>\t\t\t\t<\/div>\n\t\t\t\t<\/div>\n\t\t\t\t<div class=\"elementor-element elementor-element-1ede974 elementor-widget elementor-widget-text-editor\" data-id=\"1ede974\" data-element_type=\"widget\" data-settings=\"{&quot;ekit_we_effect_on&quot;:&quot;none&quot;}\" data-widget_type=\"text-editor.default\">\n\t\t\t\t<div class=\"elementor-widget-container\">\n\t\t\t\t\t\t\t\t\t<p>Tietoturvan varmistamiseksi olemme toteuttaneet seuraavat toimenpiteet:<br \/>Tietojen salaus: Tallennamme henkil\u00f6tietosi salattuna palvelimillamme luvattoman p\u00e4\u00e4syn ja tietovuodon est\u00e4miseksi.<br \/>P\u00e4\u00e4synvalvonta: Rajoitamme tiukasti p\u00e4\u00e4sy\u00e4 henkil\u00f6tietoihisi ja k\u00e4yt\u00e4mme niit\u00e4 vain niiden ty\u00f6ntekij\u00f6iden ja kumppaneiden toimesta, jotka niit\u00e4 tarvitsevat.<br \/>Tietojen varmuuskopiointi: Varmuuskopioimme henkil\u00f6tietosi s\u00e4\u00e4nn\u00f6llisesti, jotta est\u00e4mme tietojen katoamisen tai turmeltumisen.<\/p>\t\t\t\t\t\t\t\t<\/div>\n\t\t\t\t<\/div>\n\t\t\t\t<div class=\"elementor-element elementor-element-da5b2b9 elementor-widget elementor-widget-heading\" data-id=\"da5b2b9\" data-element_type=\"widget\" data-settings=\"{&quot;ekit_we_effect_on&quot;:&quot;none&quot;}\" data-widget_type=\"heading.default\">\n\t\t\t\t<div class=\"elementor-widget-container\">\n\t\t\t\t\t<h3 class=\"elementor-heading-title elementor-size-default\">3. K\u00e4ytt\u00e4jien oikeuksien ja etujen suojaaminen<\/h3>\t\t\t\t<\/div>\n\t\t\t\t<\/div>\n\t\t\t\t<div class=\"elementor-element elementor-element-6786bdc elementor-widget elementor-widget-text-editor\" data-id=\"6786bdc\" data-element_type=\"widget\" data-settings=\"{&quot;ekit_we_effect_on&quot;:&quot;none&quot;}\" data-widget_type=\"text-editor.default\">\n\t\t\t\t<div class=\"elementor-widget-container\">\n\t\t\t\t\t\t\t\t\t<p>Pid\u00e4mme oikeuksiasi eritt\u00e4in t\u00e4rkein\u00e4 ja toteutamme seuraavat toimenpiteet yksityisyytesi ja turvallisuutesi suojaamiseksi:<br \/>K\u00e4ytt\u00e4j\u00e4tietojen suojaaminen: Lupaamme olla myym\u00e4tt\u00e4 tai vuokraamatta henkil\u00f6tietojasi kolmansille osapuolille, ellet nimenomaisesti suostu tai ellei laki sit\u00e4 vaadi.<br \/>Teollis- ja tekij\u00e4noikeuksien suoja: Kunnioitamme teollis- ja tekij\u00e4noikeuksiasi ja pyrimme est\u00e4m\u00e4\u00e4n henkil\u00f6tietojesi k\u00e4yt\u00f6n laittomiin tarkoituksiin.<br \/>Rikkomusten k\u00e4sittely: Jos havaitset t\u00e4m\u00e4n tietosuojak\u00e4yt\u00e4nn\u00f6n vastaista k\u00e4yt\u00f6st\u00e4, ota meihin v\u00e4litt\u00f6m\u00e4sti yhteytt\u00e4, niin ryhdymme asianmukaisiin toimenpiteisiin vastaavanlaisen toiminnan korjaamiseksi ja est\u00e4miseksi.<\/p>\t\t\t\t\t\t\t\t<\/div>\n\t\t\t\t<\/div>\n\t\t\t\t<div class=\"elementor-element elementor-element-c0eed1f elementor-widget elementor-widget-heading\" data-id=\"c0eed1f\" data-element_type=\"widget\" data-settings=\"{&quot;ekit_we_effect_on&quot;:&quot;none&quot;}\" data-widget_type=\"heading.default\">\n\t\t\t\t<div class=\"elementor-widget-container\">\n\t\t\t\t\t<h3 class=\"elementor-heading-title elementor-size-default\">4. Vastuuvapauslauseke<\/h3>\t\t\t\t<\/div>\n\t\t\t\t<\/div>\n\t\t\t\t<div class=\"elementor-element elementor-element-0d6ab82 elementor-widget elementor-widget-text-editor\" data-id=\"0d6ab82\" data-element_type=\"widget\" data-settings=\"{&quot;ekit_we_effect_on&quot;:&quot;none&quot;}\" data-widget_type=\"text-editor.default\">\n\t\t\t\t<div class=\"elementor-widget-container\">\n\t\t\t\t\t\t\t\t\t<p>K\u00c4YTT\u00d6RISKI JA VASTUU: Kun k\u00e4yt\u00e4t TENESSYn verkkosivustoa, teet sen omalla vastuullasi ja omalla riskill\u00e4si.<br>Vastuuvapauslauseke laittomista teoista: TENESSY ei ole vastuussa laittomista teoista, joihin sin\u00e4 tai muut k\u00e4ytt\u00e4j\u00e4t t\u00f6rm\u00e4\u00e4t k\u00e4ytt\u00e4ess\u00e4si t\u00e4t\u00e4 verkkosivustoa.<br>Verkkoymp\u00e4rist\u00f6n yll\u00e4pito: TENESSY kannustaa kaikkia k\u00e4ytt\u00e4ji\u00e4 noudattamaan t\u00e4m\u00e4n verkkosivuston s\u00e4\u00e4nt\u00f6j\u00e4 ja yll\u00e4pit\u00e4m\u00e4\u00e4n aktiivisesti hyv\u00e4\u00e4 verkkoymp\u00e4rist\u00f6\u00e4.<\/p><p><br>Jos sinulla on kysymyksi\u00e4 tai ehdotuksia t\u00e4st\u00e4 tietosuojaselosteesta, ota meihin yhteytt\u00e4:<br>S\u00e4hk\u00f6posti: info@tenessy.com<br>Asiakaspalvelun vihjelinja: +86 131 5618 5750<br>T\u00e4t\u00e4 tietosuojaselostetta p\u00e4ivitet\u00e4\u00e4n jatkuvasti uusien lakien ja asetusten sek\u00e4 liiketoiminnan tarpeiden mukaan. Jos muutoksia tapahtuu, julkaisemme ilmoituksen t\u00e4ll\u00e4 sivulla. Tarkkaile t\u00e4t\u00e4 tietosuojaselostetta uusimman sis\u00e4ll\u00f6n vuoksi.<\/p>\t\t\t\t\t\t\t\t<\/div>\n\t\t\t\t<\/div>\n\t\t\t\t\t<\/div>\n\t\t\t\t<\/div>\n\t\t\t\t<\/div>","protected":false},"excerpt":{"rendered":"<p>Home TENESSY Privacy Statement TENESSY takes your privacy very seriously and is committed to protecting your personal information and data security. The following is a statement about TENESSY&#8217;s privacy policy and confidentiality commitment. 1. Overview of Privacy Policy TENESSY collects and uses your personal information to provide you with quality service and a pleasant experience. [&hellip;]<\/p>","protected":false},"author":1,"featured_media":0,"parent":0,"menu_order":0,"comment_status":"closed","ping_status":"closed","template":"","meta":{"_monsterinsights_skip_tracking":false,"_monsterinsights_sitenote_active":false,"_monsterinsights_sitenote_note":"","_monsterinsights_sitenote_category":0,"footnotes":""},"class_list":["post-6760","page","type-page","status-publish","hentry"],"yoast_head":"<!-- This site is optimized with the Yoast SEO plugin v24.7 - https:\/\/yoast.com\/wordpress\/plugins\/seo\/ -->\n<title>Privacy Policy - HPMC|HEMC|HEC|RDP Manufacturer-TENESSY<\/title>\n<meta name=\"robots\" content=\"index, follow, max-snippet:-1, max-image-preview:large, max-video-preview:-1\" \/>\n<link rel=\"canonical\" href=\"https:\/\/tenessy.com\/fi\/tietosuojakaytanto\/\" \/>\n<meta property=\"og:locale\" content=\"fi_FI\" \/>\n<meta property=\"og:type\" content=\"article\" \/>\n<meta property=\"og:title\" content=\"Privacy Policy - HPMC|HEMC|HEC|RDP Manufacturer-TENESSY\" \/>\n<meta property=\"og:description\" content=\"Home TENESSY Privacy Statement TENESSY takes your privacy very seriously and is committed to protecting your personal information and data security. The following is a statement about TENESSY&#8217;s privacy policy and confidentiality commitment. 1. Overview of Privacy Policy TENESSY collects and uses your personal information to provide you with quality service and a pleasant experience. [&hellip;]\" \/>\n<meta property=\"og:url\" content=\"https:\/\/tenessy.com\/fi\/tietosuojakaytanto\/\" \/>\n<meta property=\"og:site_name\" content=\"HPMC|HEMC|HEC|RDP Manufacturer-TENESSY\" \/>\n<meta property=\"article:modified_time\" content=\"2024-10-11T08:36:04+00:00\" \/>\n<meta name=\"twitter:card\" content=\"summary_large_image\" \/>\n<meta name=\"twitter:label1\" content=\"Est. reading time\" \/>\n\t<meta name=\"twitter:data1\" content=\"2 minutes\" \/>\n<script type=\"application\/ld+json\" class=\"yoast-schema-graph\">{\"@context\":\"https:\/\/schema.org\",\"@graph\":[{\"@type\":\"WebPage\",\"@id\":\"https:\/\/tenessy.com\/privacy-policy\/\",\"url\":\"https:\/\/tenessy.com\/privacy-policy\/\",\"name\":\"Privacy Policy - HPMC|HEMC|HEC|RDP Manufacturer-TENESSY\",\"isPartOf\":{\"@id\":\"https:\/\/tenessy.com\/#website\"},\"datePublished\":\"2024-10-11T08:26:14+00:00\",\"dateModified\":\"2024-10-11T08:36:04+00:00\",\"breadcrumb\":{\"@id\":\"https:\/\/tenessy.com\/privacy-policy\/#breadcrumb\"},\"inLanguage\":\"fi\",\"potentialAction\":[{\"@type\":\"ReadAction\",\"target\":[\"https:\/\/tenessy.com\/privacy-policy\/\"]}]},{\"@type\":\"BreadcrumbList\",\"@id\":\"https:\/\/tenessy.com\/privacy-policy\/#breadcrumb\",\"itemListElement\":[{\"@type\":\"ListItem\",\"position\":1,\"name\":\"Home\",\"item\":\"https:\/\/tenessy.com\/\"},{\"@type\":\"ListItem\",\"position\":2,\"name\":\"Privacy Policy\"}]},{\"@type\":\"WebSite\",\"@id\":\"https:\/\/tenessy.com\/#website\",\"url\":\"https:\/\/tenessy.com\/\",\"name\":\"Tenessy Cellulose Ether\",\"description\":\"HPMC|HEMC|HEC|RDP Manufacturer-TENESSY\",\"publisher\":{\"@id\":\"https:\/\/tenessy.com\/#organization\"},\"potentialAction\":[{\"@type\":\"SearchAction\",\"target\":{\"@type\":\"EntryPoint\",\"urlTemplate\":\"https:\/\/tenessy.com\/?s={search_term_string}\"},\"query-input\":{\"@type\":\"PropertyValueSpecification\",\"valueRequired\":true,\"valueName\":\"search_term_string\"}}],\"inLanguage\":\"fi\"},{\"@type\":\"Organization\",\"@id\":\"https:\/\/tenessy.com\/#organization\",\"name\":\"Tenessy Cellulose Ether\",\"url\":\"https:\/\/tenessy.com\/\",\"logo\":{\"@type\":\"ImageObject\",\"inLanguage\":\"fi\",\"@id\":\"https:\/\/tenessy.com\/#\/schema\/logo\/image\/\",\"url\":\"https:\/\/tenessy.com\/wp-content\/uploads\/2024\/09\/cropped-link-\u5934\u50cf.jpg\",\"contentUrl\":\"https:\/\/tenessy.com\/wp-content\/uploads\/2024\/09\/cropped-link-\u5934\u50cf.jpg\",\"width\":512,\"height\":512,\"caption\":\"Tenessy Cellulose Ether\"},\"image\":{\"@id\":\"https:\/\/tenessy.com\/#\/schema\/logo\/image\/\"}}]}<\/script>\n<!-- \/ Yoast SEO plugin. -->","yoast_head_json":{"title":"Privacy Policy - HPMC|HEMC|HEC|RDP Manufacturer-TENESSY","robots":{"index":"index","follow":"follow","max-snippet":"max-snippet:-1","max-image-preview":"max-image-preview:large","max-video-preview":"max-video-preview:-1"},"canonical":"https:\/\/tenessy.com\/fi\/tietosuojakaytanto\/","og_locale":"fi_FI","og_type":"article","og_title":"Privacy Policy - HPMC|HEMC|HEC|RDP Manufacturer-TENESSY","og_description":"Home TENESSY Privacy Statement TENESSY takes your privacy very seriously and is committed to protecting your personal information and data security. The following is a statement about TENESSY&#8217;s privacy policy and confidentiality commitment. 1. Overview of Privacy Policy TENESSY collects and uses your personal information to provide you with quality service and a pleasant experience. [&hellip;]","og_url":"https:\/\/tenessy.com\/fi\/tietosuojakaytanto\/","og_site_name":"HPMC|HEMC|HEC|RDP Manufacturer-TENESSY","article_modified_time":"2024-10-11T08:36:04+00:00","twitter_card":"summary_large_image","twitter_misc":{"Est. reading time":"2 minutes"},"schema":{"@context":"https:\/\/schema.org","@graph":[{"@type":"WebPage","@id":"https:\/\/tenessy.com\/privacy-policy\/","url":"https:\/\/tenessy.com\/privacy-policy\/","name":"Privacy Policy - HPMC|HEMC|HEC|RDP Manufacturer-TENESSY","isPartOf":{"@id":"https:\/\/tenessy.com\/#website"},"datePublished":"2024-10-11T08:26:14+00:00","dateModified":"2024-10-11T08:36:04+00:00","breadcrumb":{"@id":"https:\/\/tenessy.com\/privacy-policy\/#breadcrumb"},"inLanguage":"fi","potentialAction":[{"@type":"ReadAction","target":["https:\/\/tenessy.com\/privacy-policy\/"]}]},{"@type":"BreadcrumbList","@id":"https:\/\/tenessy.com\/privacy-policy\/#breadcrumb","itemListElement":[{"@type":"ListItem","position":1,"name":"Home","item":"https:\/\/tenessy.com\/"},{"@type":"ListItem","position":2,"name":"Privacy Policy"}]},{"@type":"WebSite","@id":"https:\/\/tenessy.com\/#website","url":"https:\/\/tenessy.com\/","name":"Tenessy Cellulose Ether","description":"HPMC|HEMC|HEC|RDP Manufacturer-TENESSY","publisher":{"@id":"https:\/\/tenessy.com\/#organization"},"potentialAction":[{"@type":"SearchAction","target":{"@type":"EntryPoint","urlTemplate":"https:\/\/tenessy.com\/?s={search_term_string}"},"query-input":{"@type":"PropertyValueSpecification","valueRequired":true,"valueName":"search_term_string"}}],"inLanguage":"fi"},{"@type":"Organization","@id":"https:\/\/tenessy.com\/#organization","name":"Tenessy Cellulose Ether","url":"https:\/\/tenessy.com\/","logo":{"@type":"ImageObject","inLanguage":"fi","@id":"https:\/\/tenessy.com\/#\/schema\/logo\/image\/","url":"https:\/\/tenessy.com\/wp-content\/uploads\/2024\/09\/cropped-link-\u5934\u50cf.jpg","contentUrl":"https:\/\/tenessy.com\/wp-content\/uploads\/2024\/09\/cropped-link-\u5934\u50cf.jpg","width":512,"height":512,"caption":"Tenessy Cellulose Ether"},"image":{"@id":"https:\/\/tenessy.com\/#\/schema\/logo\/image\/"}}]}},"_links":{"self":[{"href":"https:\/\/tenessy.com\/fi\/wp-json\/wp\/v2\/pages\/6760"}],"collection":[{"href":"https:\/\/tenessy.com\/fi\/wp-json\/wp\/v2\/pages"}],"about":[{"href":"https:\/\/tenessy.com\/fi\/wp-json\/wp\/v2\/types\/page"}],"author":[{"embeddable":true,"href":"https:\/\/tenessy.com\/fi\/wp-json\/wp\/v2\/users\/1"}],"replies":[{"embeddable":true,"href":"https:\/\/tenessy.com\/fi\/wp-json\/wp\/v2\/comments?post=6760"}],"version-history":[{"count":4,"href":"https:\/\/tenessy.com\/fi\/wp-json\/wp\/v2\/pages\/6760\/revisions"}],"predecessor-version":[{"id":6765,"href":"https:\/\/tenessy.com\/fi\/wp-json\/wp\/v2\/pages\/6760\/revisions\/6765"}],"wp:attachment":[{"href":"https:\/\/tenessy.com\/fi\/wp-json\/wp\/v2\/media?parent=6760"}],"curies":[{"name":"wp","href":"https:\/\/api.w.org\/{rel}","templated":true}]}}