{"id":6760,"date":"2024-10-11T08:26:14","date_gmt":"2024-10-11T08:26:14","guid":{"rendered":"https:\/\/tenessy.com\/?page_id=6760"},"modified":"2024-10-11T08:36:04","modified_gmt":"2024-10-11T08:36:04","slug":"privacy-policy","status":"publish","type":"page","link":"https:\/\/tenessy.com\/it\/informativa-sulla-privacy\/","title":{"rendered":"Informativa sulla privacy"},"content":{"rendered":"<div data-elementor-type=\"wp-page\" data-elementor-id=\"6760\" class=\"elementor elementor-6760\" data-elementor-post-type=\"page\">\n\t\t\t\t<div class=\"elementor-element elementor-element-518b15be e-flex e-con-boxed e-con e-parent\" data-id=\"518b15be\" data-element_type=\"container\" data-settings=\"{&quot;background_background&quot;:&quot;classic&quot;,&quot;ekit_has_onepagescroll_dot&quot;:&quot;yes&quot;}\">\n\t\t\t\t\t<div class=\"e-con-inner\">\n\t\t<div class=\"elementor-element elementor-element-61d07a0d e-con-full e-flex e-con e-child\" data-id=\"61d07a0d\" data-element_type=\"container\" data-settings=\"{&quot;ekit_has_onepagescroll_dot&quot;:&quot;yes&quot;}\">\n\t\t\t\t<div class=\"elementor-element elementor-element-3363085d elementor-invisible elementor-widget elementor-widget-heading\" data-id=\"3363085d\" data-element_type=\"widget\" data-settings=\"{&quot;_animation&quot;:&quot;fadeInUp&quot;,&quot;ekit_we_effect_on&quot;:&quot;none&quot;}\" data-widget_type=\"heading.default\">\n\t\t\t\t<div class=\"elementor-widget-container\">\n\t\t\t\t\t<h1 class=\"elementor-heading-title elementor-size-default\">Informativa sulla privacy<\/h1>\t\t\t\t<\/div>\n\t\t\t\t<\/div>\n\t\t\t\t<div class=\"elementor-element elementor-element-1b29f31 elementor-widget elementor-widget-elementskit-breadcrumb\" data-id=\"1b29f31\" data-element_type=\"widget\" data-settings=\"{&quot;ekit_we_effect_on&quot;:&quot;none&quot;}\" data-widget_type=\"elementskit-breadcrumb.default\">\n\t\t\t\t<div class=\"elementor-widget-container\">\n\t\t\t\t\t<div class=\"ekit-wid-con\" ><ol class=\"ekit-breadcrumb\"><li class=\"ekit_breadcrumbs_start\"><a href=\"https:\/\/tenessy.com\/it\">Casa<\/a><\/li><\/ol><\/div>\t\t\t\t<\/div>\n\t\t\t\t<\/div>\n\t\t\t\t<\/div>\n\t\t\t\t\t<\/div>\n\t\t\t\t<\/div>\n\t\t<div class=\"elementor-element elementor-element-3ff4295 e-flex e-con-boxed e-con e-parent\" data-id=\"3ff4295\" data-element_type=\"container\" data-settings=\"{&quot;ekit_has_onepagescroll_dot&quot;:&quot;yes&quot;}\">\n\t\t\t\t\t<div class=\"e-con-inner\">\n\t\t\t\t<div class=\"elementor-element elementor-element-fe0cc1a elementor-widget elementor-widget-heading\" data-id=\"fe0cc1a\" data-element_type=\"widget\" data-settings=\"{&quot;ekit_we_effect_on&quot;:&quot;none&quot;}\" data-widget_type=\"heading.default\">\n\t\t\t\t<div class=\"elementor-widget-container\">\n\t\t\t\t\t<h2 class=\"elementor-heading-title elementor-size-default\">Dichiarazione sulla privacy di TENESSY<\/h2>\t\t\t\t<\/div>\n\t\t\t\t<\/div>\n\t\t\t\t<div class=\"elementor-element elementor-element-bf8828b elementor-widget elementor-widget-text-editor\" data-id=\"bf8828b\" data-element_type=\"widget\" data-settings=\"{&quot;ekit_we_effect_on&quot;:&quot;none&quot;}\" data-widget_type=\"text-editor.default\">\n\t\t\t\t<div class=\"elementor-widget-container\">\n\t\t\t\t\t\t\t\t\t<p>TENESSY prende molto sul serio la vostra privacy e si impegna a proteggere le vostre informazioni personali e la sicurezza dei dati. Di seguito viene riportata una dichiarazione sulla politica di TENESSY in materia di privacy e sull'impegno alla riservatezza.<\/p>\t\t\t\t\t\t\t\t<\/div>\n\t\t\t\t<\/div>\n\t\t\t\t<div class=\"elementor-element elementor-element-8d47355 elementor-widget elementor-widget-heading\" data-id=\"8d47355\" data-element_type=\"widget\" data-settings=\"{&quot;ekit_we_effect_on&quot;:&quot;none&quot;}\" data-widget_type=\"heading.default\">\n\t\t\t\t<div class=\"elementor-widget-container\">\n\t\t\t\t\t<h3 class=\"elementor-heading-title elementor-size-default\">1. Panoramica della politica sulla privacy<\/h3>\t\t\t\t<\/div>\n\t\t\t\t<\/div>\n\t\t\t\t<div class=\"elementor-element elementor-element-1276d7e elementor-widget elementor-widget-text-editor\" data-id=\"1276d7e\" data-element_type=\"widget\" data-settings=\"{&quot;ekit_we_effect_on&quot;:&quot;none&quot;}\" data-widget_type=\"text-editor.default\">\n\t\t\t\t<div class=\"elementor-widget-container\">\n\t\t\t\t\t\t\t\t\t<p>TENESSY raccoglie e utilizza i vostri dati personali per fornirvi un servizio di qualit\u00e0 e un'esperienza piacevole. La nostra protezione della privacy copre tutte le attivit\u00e0 dell'utente sul sito web di TENESSY, comprese, ma non solo, la navigazione, l'acquisto, la registrazione, l'invio di messaggi e altri comportamenti.<br \/>Raccoglieremo e utilizzeremo i vostri dati personali solo con il vostro consenso o come richiesto dalla legge. Ci impegniamo a rispettare scrupolosamente le leggi e le normative vigenti in materia di trattamento delle informazioni personali dell'utente e ad adottare misure adeguate per proteggere la sua privacy.<\/p>\t\t\t\t\t\t\t\t<\/div>\n\t\t\t\t<\/div>\n\t\t\t\t<div class=\"elementor-element elementor-element-a868ce4 elementor-widget elementor-widget-heading\" data-id=\"a868ce4\" data-element_type=\"widget\" data-settings=\"{&quot;ekit_we_effect_on&quot;:&quot;none&quot;}\" data-widget_type=\"heading.default\">\n\t\t\t\t<div class=\"elementor-widget-container\">\n\t\t\t\t\t<h3 class=\"elementor-heading-title elementor-size-default\">2. Misure di sicurezza dei dati<\/h3>\t\t\t\t<\/div>\n\t\t\t\t<\/div>\n\t\t\t\t<div class=\"elementor-element elementor-element-1ede974 elementor-widget elementor-widget-text-editor\" data-id=\"1ede974\" data-element_type=\"widget\" data-settings=\"{&quot;ekit_we_effect_on&quot;:&quot;none&quot;}\" data-widget_type=\"text-editor.default\">\n\t\t\t\t<div class=\"elementor-widget-container\">\n\t\t\t\t\t\t\t\t\t<p>Per garantire la sicurezza dei vostri dati, abbiamo adottato le seguenti misure:<br \/>Crittografia dei dati: I vostri dati personali vengono memorizzati in modo criptato sui nostri server per evitare accessi non autorizzati e fughe di dati.<br \/>Controllo dell'accesso: Limitiamo rigorosamente l'accesso alle vostre informazioni personali e le utilizziamo solo da parte dei dipendenti e dei partner che ne hanno bisogno.<br \/>Backup dei dati: Eseguiamo regolarmente il backup dei vostri dati personali per evitare la perdita o la corruzione dei dati.<\/p>\t\t\t\t\t\t\t\t<\/div>\n\t\t\t\t<\/div>\n\t\t\t\t<div class=\"elementor-element elementor-element-da5b2b9 elementor-widget elementor-widget-heading\" data-id=\"da5b2b9\" data-element_type=\"widget\" data-settings=\"{&quot;ekit_we_effect_on&quot;:&quot;none&quot;}\" data-widget_type=\"heading.default\">\n\t\t\t\t<div class=\"elementor-widget-container\">\n\t\t\t\t\t<h3 class=\"elementor-heading-title elementor-size-default\">3. Protezione dei diritti e degli interessi degli utenti<\/h3>\t\t\t\t<\/div>\n\t\t\t\t<\/div>\n\t\t\t\t<div class=\"elementor-element elementor-element-6786bdc elementor-widget elementor-widget-text-editor\" data-id=\"6786bdc\" data-element_type=\"widget\" data-settings=\"{&quot;ekit_we_effect_on&quot;:&quot;none&quot;}\" data-widget_type=\"text-editor.default\">\n\t\t\t\t<div class=\"elementor-widget-container\">\n\t\t\t\t\t\t\t\t\t<p>Attribuiamo grande importanza ai vostri diritti e adottiamo le seguenti misure per proteggere la vostra privacy e sicurezza:<br \/>Protezione delle informazioni dell'utente: Ci impegniamo a non vendere o affittare le informazioni personali dell'utente a terzi, a meno che l'utente non sia esplicitamente d'accordo o sia richiesto dalla legge.<br \/>Protezione della propriet\u00e0 intellettuale: Rispettiamo i vostri diritti di propriet\u00e0 intellettuale e prendiamo provvedimenti per evitare che le vostre informazioni personali vengano utilizzate per scopi illegali.<br \/>Gestione delle violazioni: Se si riscontrano comportamenti che violano la presente informativa sulla privacy, si prega di contattarci immediatamente e noi adotteremo le misure appropriate per correggere e prevenire comportamenti simili.<\/p>\t\t\t\t\t\t\t\t<\/div>\n\t\t\t\t<\/div>\n\t\t\t\t<div class=\"elementor-element elementor-element-c0eed1f elementor-widget elementor-widget-heading\" data-id=\"c0eed1f\" data-element_type=\"widget\" data-settings=\"{&quot;ekit_we_effect_on&quot;:&quot;none&quot;}\" data-widget_type=\"heading.default\">\n\t\t\t\t<div class=\"elementor-widget-container\">\n\t\t\t\t\t<h3 class=\"elementor-heading-title elementor-size-default\">4. Esclusione di responsabilit\u00e0<\/h3>\t\t\t\t<\/div>\n\t\t\t\t<\/div>\n\t\t\t\t<div class=\"elementor-element elementor-element-0d6ab82 elementor-widget elementor-widget-text-editor\" data-id=\"0d6ab82\" data-element_type=\"widget\" data-settings=\"{&quot;ekit_we_effect_on&quot;:&quot;none&quot;}\" data-widget_type=\"text-editor.default\">\n\t\t\t\t<div class=\"elementor-widget-container\">\n\t\t\t\t\t\t\t\t\t<p>RISCHIO E RESPONSABILIT\u00c0 DELL'USO: Quando si utilizza il sito web TENESSY, lo si fa a proprio rischio e responsabilit\u00e0.<br>Esclusione di atti illegali: TENESSY non sar\u00e0 responsabile di eventuali atti illegali riscontrati dall'utente o da altri utenti durante l'utilizzo di questo sito web.<br>Manutenzione dell'ambiente di rete: TENESSY incoraggia tutti gli utenti a rispettare le regole di questo sito web e a mantenere attivamente un buon ambiente di rete.<\/p><p><br>In caso di domande o suggerimenti sulla presente informativa sulla privacy, si prega di contattarci a:<br>Email: info@tenessy.com<br>Linea diretta del servizio clienti: +86 131 5618 5750<br>La presente informativa sulla privacy sar\u00e0 costantemente aggiornata per adeguarsi alle nuove leggi e normative e alle esigenze aziendali. In caso di modifiche, pubblicheremo un avviso su questa pagina. Vi invitiamo a tenere d'occhio questa Informativa sulla privacy per conoscere i contenuti pi\u00f9 recenti.<\/p>\t\t\t\t\t\t\t\t<\/div>\n\t\t\t\t<\/div>\n\t\t\t\t\t<\/div>\n\t\t\t\t<\/div>\n\t\t\t\t<\/div>","protected":false},"excerpt":{"rendered":"<p>Home TENESSY Privacy Statement TENESSY takes your privacy very seriously and is committed to protecting your personal information and data security. The following is a statement about TENESSY&#8217;s privacy policy and confidentiality commitment. 1. Overview of Privacy Policy TENESSY collects and uses your personal information to provide you with quality service and a pleasant experience. [&hellip;]<\/p>","protected":false},"author":1,"featured_media":0,"parent":0,"menu_order":0,"comment_status":"closed","ping_status":"closed","template":"","meta":{"_monsterinsights_skip_tracking":false,"_monsterinsights_sitenote_active":false,"_monsterinsights_sitenote_note":"","_monsterinsights_sitenote_category":0,"footnotes":""},"class_list":["post-6760","page","type-page","status-publish","hentry"],"yoast_head":"<!-- This site is optimized with the Yoast SEO plugin v24.7 - https:\/\/yoast.com\/wordpress\/plugins\/seo\/ -->\n<title>Privacy Policy - HPMC|HEMC|HEC|RDP Manufacturer-TENESSY<\/title>\n<meta name=\"robots\" content=\"index, follow, max-snippet:-1, max-image-preview:large, max-video-preview:-1\" \/>\n<link rel=\"canonical\" href=\"https:\/\/tenessy.com\/it\/informativa-sulla-privacy\/\" \/>\n<meta property=\"og:locale\" content=\"it_IT\" \/>\n<meta property=\"og:type\" content=\"article\" \/>\n<meta property=\"og:title\" content=\"Privacy Policy - HPMC|HEMC|HEC|RDP Manufacturer-TENESSY\" \/>\n<meta property=\"og:description\" content=\"Home TENESSY Privacy Statement TENESSY takes your privacy very seriously and is committed to protecting your personal information and data security. The following is a statement about TENESSY&#8217;s privacy policy and confidentiality commitment. 1. Overview of Privacy Policy TENESSY collects and uses your personal information to provide you with quality service and a pleasant experience. [&hellip;]\" \/>\n<meta property=\"og:url\" content=\"https:\/\/tenessy.com\/it\/informativa-sulla-privacy\/\" \/>\n<meta property=\"og:site_name\" content=\"HPMC|HEMC|HEC|RDP Manufacturer-TENESSY\" \/>\n<meta property=\"article:modified_time\" content=\"2024-10-11T08:36:04+00:00\" \/>\n<meta name=\"twitter:card\" content=\"summary_large_image\" \/>\n<meta name=\"twitter:label1\" content=\"Est. reading time\" \/>\n\t<meta name=\"twitter:data1\" content=\"2 minutes\" \/>\n<script type=\"application\/ld+json\" class=\"yoast-schema-graph\">{\"@context\":\"https:\/\/schema.org\",\"@graph\":[{\"@type\":\"WebPage\",\"@id\":\"https:\/\/tenessy.com\/privacy-policy\/\",\"url\":\"https:\/\/tenessy.com\/privacy-policy\/\",\"name\":\"Privacy Policy - HPMC|HEMC|HEC|RDP Manufacturer-TENESSY\",\"isPartOf\":{\"@id\":\"https:\/\/tenessy.com\/#website\"},\"datePublished\":\"2024-10-11T08:26:14+00:00\",\"dateModified\":\"2024-10-11T08:36:04+00:00\",\"breadcrumb\":{\"@id\":\"https:\/\/tenessy.com\/privacy-policy\/#breadcrumb\"},\"inLanguage\":\"it-IT\",\"potentialAction\":[{\"@type\":\"ReadAction\",\"target\":[\"https:\/\/tenessy.com\/privacy-policy\/\"]}]},{\"@type\":\"BreadcrumbList\",\"@id\":\"https:\/\/tenessy.com\/privacy-policy\/#breadcrumb\",\"itemListElement\":[{\"@type\":\"ListItem\",\"position\":1,\"name\":\"Home\",\"item\":\"https:\/\/tenessy.com\/\"},{\"@type\":\"ListItem\",\"position\":2,\"name\":\"Privacy Policy\"}]},{\"@type\":\"WebSite\",\"@id\":\"https:\/\/tenessy.com\/#website\",\"url\":\"https:\/\/tenessy.com\/\",\"name\":\"Tenessy Cellulose Ether\",\"description\":\"HPMC|HEMC|HEC|RDP Manufacturer-TENESSY\",\"publisher\":{\"@id\":\"https:\/\/tenessy.com\/#organization\"},\"potentialAction\":[{\"@type\":\"SearchAction\",\"target\":{\"@type\":\"EntryPoint\",\"urlTemplate\":\"https:\/\/tenessy.com\/?s={search_term_string}\"},\"query-input\":{\"@type\":\"PropertyValueSpecification\",\"valueRequired\":true,\"valueName\":\"search_term_string\"}}],\"inLanguage\":\"it-IT\"},{\"@type\":\"Organization\",\"@id\":\"https:\/\/tenessy.com\/#organization\",\"name\":\"Tenessy Cellulose Ether\",\"url\":\"https:\/\/tenessy.com\/\",\"logo\":{\"@type\":\"ImageObject\",\"inLanguage\":\"it-IT\",\"@id\":\"https:\/\/tenessy.com\/#\/schema\/logo\/image\/\",\"url\":\"https:\/\/tenessy.com\/wp-content\/uploads\/2024\/09\/cropped-link-\u5934\u50cf.jpg\",\"contentUrl\":\"https:\/\/tenessy.com\/wp-content\/uploads\/2024\/09\/cropped-link-\u5934\u50cf.jpg\",\"width\":512,\"height\":512,\"caption\":\"Tenessy Cellulose Ether\"},\"image\":{\"@id\":\"https:\/\/tenessy.com\/#\/schema\/logo\/image\/\"}}]}<\/script>\n<!-- \/ Yoast SEO plugin. -->","yoast_head_json":{"title":"Privacy Policy - HPMC|HEMC|HEC|RDP Manufacturer-TENESSY","robots":{"index":"index","follow":"follow","max-snippet":"max-snippet:-1","max-image-preview":"max-image-preview:large","max-video-preview":"max-video-preview:-1"},"canonical":"https:\/\/tenessy.com\/it\/informativa-sulla-privacy\/","og_locale":"it_IT","og_type":"article","og_title":"Privacy Policy - HPMC|HEMC|HEC|RDP Manufacturer-TENESSY","og_description":"Home TENESSY Privacy Statement TENESSY takes your privacy very seriously and is committed to protecting your personal information and data security. The following is a statement about TENESSY&#8217;s privacy policy and confidentiality commitment. 1. Overview of Privacy Policy TENESSY collects and uses your personal information to provide you with quality service and a pleasant experience. [&hellip;]","og_url":"https:\/\/tenessy.com\/it\/informativa-sulla-privacy\/","og_site_name":"HPMC|HEMC|HEC|RDP Manufacturer-TENESSY","article_modified_time":"2024-10-11T08:36:04+00:00","twitter_card":"summary_large_image","twitter_misc":{"Est. reading time":"2 minutes"},"schema":{"@context":"https:\/\/schema.org","@graph":[{"@type":"WebPage","@id":"https:\/\/tenessy.com\/privacy-policy\/","url":"https:\/\/tenessy.com\/privacy-policy\/","name":"Privacy Policy - HPMC|HEMC|HEC|RDP Manufacturer-TENESSY","isPartOf":{"@id":"https:\/\/tenessy.com\/#website"},"datePublished":"2024-10-11T08:26:14+00:00","dateModified":"2024-10-11T08:36:04+00:00","breadcrumb":{"@id":"https:\/\/tenessy.com\/privacy-policy\/#breadcrumb"},"inLanguage":"it-IT","potentialAction":[{"@type":"ReadAction","target":["https:\/\/tenessy.com\/privacy-policy\/"]}]},{"@type":"BreadcrumbList","@id":"https:\/\/tenessy.com\/privacy-policy\/#breadcrumb","itemListElement":[{"@type":"ListItem","position":1,"name":"Home","item":"https:\/\/tenessy.com\/"},{"@type":"ListItem","position":2,"name":"Privacy Policy"}]},{"@type":"WebSite","@id":"https:\/\/tenessy.com\/#website","url":"https:\/\/tenessy.com\/","name":"Tenessy Cellulose Ether","description":"HPMC|HEMC|HEC|RDP Manufacturer-TENESSY","publisher":{"@id":"https:\/\/tenessy.com\/#organization"},"potentialAction":[{"@type":"SearchAction","target":{"@type":"EntryPoint","urlTemplate":"https:\/\/tenessy.com\/?s={search_term_string}"},"query-input":{"@type":"PropertyValueSpecification","valueRequired":true,"valueName":"search_term_string"}}],"inLanguage":"it-IT"},{"@type":"Organization","@id":"https:\/\/tenessy.com\/#organization","name":"Tenessy Cellulose Ether","url":"https:\/\/tenessy.com\/","logo":{"@type":"ImageObject","inLanguage":"it-IT","@id":"https:\/\/tenessy.com\/#\/schema\/logo\/image\/","url":"https:\/\/tenessy.com\/wp-content\/uploads\/2024\/09\/cropped-link-\u5934\u50cf.jpg","contentUrl":"https:\/\/tenessy.com\/wp-content\/uploads\/2024\/09\/cropped-link-\u5934\u50cf.jpg","width":512,"height":512,"caption":"Tenessy Cellulose Ether"},"image":{"@id":"https:\/\/tenessy.com\/#\/schema\/logo\/image\/"}}]}},"_links":{"self":[{"href":"https:\/\/tenessy.com\/it\/wp-json\/wp\/v2\/pages\/6760"}],"collection":[{"href":"https:\/\/tenessy.com\/it\/wp-json\/wp\/v2\/pages"}],"about":[{"href":"https:\/\/tenessy.com\/it\/wp-json\/wp\/v2\/types\/page"}],"author":[{"embeddable":true,"href":"https:\/\/tenessy.com\/it\/wp-json\/wp\/v2\/users\/1"}],"replies":[{"embeddable":true,"href":"https:\/\/tenessy.com\/it\/wp-json\/wp\/v2\/comments?post=6760"}],"version-history":[{"count":4,"href":"https:\/\/tenessy.com\/it\/wp-json\/wp\/v2\/pages\/6760\/revisions"}],"predecessor-version":[{"id":6765,"href":"https:\/\/tenessy.com\/it\/wp-json\/wp\/v2\/pages\/6760\/revisions\/6765"}],"wp:attachment":[{"href":"https:\/\/tenessy.com\/it\/wp-json\/wp\/v2\/media?parent=6760"}],"curies":[{"name":"wp","href":"https:\/\/api.w.org\/{rel}","templated":true}]}}