{"id":6760,"date":"2024-10-11T08:26:14","date_gmt":"2024-10-11T08:26:14","guid":{"rendered":"https:\/\/tenessy.com\/?page_id=6760"},"modified":"2024-10-11T08:36:04","modified_gmt":"2024-10-11T08:36:04","slug":"privacy-policy","status":"publish","type":"page","link":"https:\/\/tenessy.com\/pt\/politica-de-privacidade\/","title":{"rendered":"Pol\u00edtica de privacidade"},"content":{"rendered":"<div data-elementor-type=\"wp-page\" data-elementor-id=\"6760\" class=\"elementor elementor-6760\" data-elementor-post-type=\"page\">\n\t\t\t\t<div class=\"elementor-element elementor-element-518b15be e-flex e-con-boxed e-con e-parent\" data-id=\"518b15be\" data-element_type=\"container\" data-settings=\"{&quot;background_background&quot;:&quot;classic&quot;,&quot;ekit_has_onepagescroll_dot&quot;:&quot;yes&quot;}\">\n\t\t\t\t\t<div class=\"e-con-inner\">\n\t\t<div class=\"elementor-element elementor-element-61d07a0d e-con-full e-flex e-con e-child\" data-id=\"61d07a0d\" data-element_type=\"container\" data-settings=\"{&quot;ekit_has_onepagescroll_dot&quot;:&quot;yes&quot;}\">\n\t\t\t\t<div class=\"elementor-element elementor-element-3363085d elementor-invisible elementor-widget elementor-widget-heading\" data-id=\"3363085d\" data-element_type=\"widget\" data-settings=\"{&quot;_animation&quot;:&quot;fadeInUp&quot;,&quot;ekit_we_effect_on&quot;:&quot;none&quot;}\" data-widget_type=\"heading.default\">\n\t\t\t\t<div class=\"elementor-widget-container\">\n\t\t\t\t\t<h1 class=\"elementor-heading-title elementor-size-default\">Pol\u00edtica de privacidade<\/h1>\t\t\t\t<\/div>\n\t\t\t\t<\/div>\n\t\t\t\t<div class=\"elementor-element elementor-element-1b29f31 elementor-widget elementor-widget-elementskit-breadcrumb\" data-id=\"1b29f31\" data-element_type=\"widget\" data-settings=\"{&quot;ekit_we_effect_on&quot;:&quot;none&quot;}\" data-widget_type=\"elementskit-breadcrumb.default\">\n\t\t\t\t<div class=\"elementor-widget-container\">\n\t\t\t\t\t<div class=\"ekit-wid-con\" ><ol class=\"ekit-breadcrumb\"><li class=\"ekit_breadcrumbs_start\"><a href=\"https:\/\/tenessy.com\/pt\">In\u00edcio<\/a><\/li><\/ol><\/div>\t\t\t\t<\/div>\n\t\t\t\t<\/div>\n\t\t\t\t<\/div>\n\t\t\t\t\t<\/div>\n\t\t\t\t<\/div>\n\t\t<div class=\"elementor-element elementor-element-3ff4295 e-flex e-con-boxed e-con e-parent\" data-id=\"3ff4295\" data-element_type=\"container\" data-settings=\"{&quot;ekit_has_onepagescroll_dot&quot;:&quot;yes&quot;}\">\n\t\t\t\t\t<div class=\"e-con-inner\">\n\t\t\t\t<div class=\"elementor-element elementor-element-fe0cc1a elementor-widget elementor-widget-heading\" data-id=\"fe0cc1a\" data-element_type=\"widget\" data-settings=\"{&quot;ekit_we_effect_on&quot;:&quot;none&quot;}\" data-widget_type=\"heading.default\">\n\t\t\t\t<div class=\"elementor-widget-container\">\n\t\t\t\t\t<h2 class=\"elementor-heading-title elementor-size-default\">Declara\u00e7\u00e3o de privacidade da TENESSY<\/h2>\t\t\t\t<\/div>\n\t\t\t\t<\/div>\n\t\t\t\t<div class=\"elementor-element elementor-element-bf8828b elementor-widget elementor-widget-text-editor\" data-id=\"bf8828b\" data-element_type=\"widget\" data-settings=\"{&quot;ekit_we_effect_on&quot;:&quot;none&quot;}\" data-widget_type=\"text-editor.default\">\n\t\t\t\t<div class=\"elementor-widget-container\">\n\t\t\t\t\t\t\t\t\t<p>A TENESSY leva sua privacidade muito a s\u00e9rio e tem o compromisso de proteger suas informa\u00e7\u00f5es pessoais e a seguran\u00e7a dos dados. A seguir, apresentamos uma declara\u00e7\u00e3o sobre a pol\u00edtica de privacidade e o compromisso de confidencialidade da TENESSY.<\/p>\t\t\t\t\t\t\t\t<\/div>\n\t\t\t\t<\/div>\n\t\t\t\t<div class=\"elementor-element elementor-element-8d47355 elementor-widget elementor-widget-heading\" data-id=\"8d47355\" data-element_type=\"widget\" data-settings=\"{&quot;ekit_we_effect_on&quot;:&quot;none&quot;}\" data-widget_type=\"heading.default\">\n\t\t\t\t<div class=\"elementor-widget-container\">\n\t\t\t\t\t<h3 class=\"elementor-heading-title elementor-size-default\">1. Vis\u00e3o geral da pol\u00edtica de privacidade<\/h3>\t\t\t\t<\/div>\n\t\t\t\t<\/div>\n\t\t\t\t<div class=\"elementor-element elementor-element-1276d7e elementor-widget elementor-widget-text-editor\" data-id=\"1276d7e\" data-element_type=\"widget\" data-settings=\"{&quot;ekit_we_effect_on&quot;:&quot;none&quot;}\" data-widget_type=\"text-editor.default\">\n\t\t\t\t<div class=\"elementor-widget-container\">\n\t\t\t\t\t\t\t\t\t<p>A TENESSY coleta e utiliza suas informa\u00e7\u00f5es pessoais para lhe oferecer um servi\u00e7o de qualidade e uma experi\u00eancia agrad\u00e1vel. Nossa prote\u00e7\u00e3o de privacidade abrange todas as suas atividades no site da TENESSY, incluindo, entre outras, sua navega\u00e7\u00e3o, compras, registro, envio de mensagens e outros comportamentos.<br \/>Somente coletaremos e usaremos suas informa\u00e7\u00f5es pessoais com seu consentimento ou conforme exigido por lei. Prometemos cumprir rigorosamente as leis e os regulamentos relevantes ao processar suas informa\u00e7\u00f5es pessoais e tomar as medidas apropriadas para proteger sua privacidade.<\/p>\t\t\t\t\t\t\t\t<\/div>\n\t\t\t\t<\/div>\n\t\t\t\t<div class=\"elementor-element elementor-element-a868ce4 elementor-widget elementor-widget-heading\" data-id=\"a868ce4\" data-element_type=\"widget\" data-settings=\"{&quot;ekit_we_effect_on&quot;:&quot;none&quot;}\" data-widget_type=\"heading.default\">\n\t\t\t\t<div class=\"elementor-widget-container\">\n\t\t\t\t\t<h3 class=\"elementor-heading-title elementor-size-default\">2. Medidas de seguran\u00e7a de dados<\/h3>\t\t\t\t<\/div>\n\t\t\t\t<\/div>\n\t\t\t\t<div class=\"elementor-element elementor-element-1ede974 elementor-widget elementor-widget-text-editor\" data-id=\"1ede974\" data-element_type=\"widget\" data-settings=\"{&quot;ekit_we_effect_on&quot;:&quot;none&quot;}\" data-widget_type=\"text-editor.default\">\n\t\t\t\t<div class=\"elementor-widget-container\">\n\t\t\t\t\t\t\t\t\t<p>Para garantir a seguran\u00e7a de seus dados, tomamos as seguintes medidas:<br \/>Criptografia de dados: Armazenamos suas informa\u00e7\u00f5es pessoais criptografadas em nossos servidores para evitar acesso n\u00e3o autorizado e vazamento de dados.<br \/>Controle de acesso: Restringimos estritamente o acesso \u00e0s suas informa\u00e7\u00f5es pessoais e as usamos somente por funcion\u00e1rios e parceiros que precisam delas.<br \/>Backup de dados: Fazemos backups regulares de suas informa\u00e7\u00f5es pessoais para evitar perda ou corrup\u00e7\u00e3o de dados.<\/p>\t\t\t\t\t\t\t\t<\/div>\n\t\t\t\t<\/div>\n\t\t\t\t<div class=\"elementor-element elementor-element-da5b2b9 elementor-widget elementor-widget-heading\" data-id=\"da5b2b9\" data-element_type=\"widget\" data-settings=\"{&quot;ekit_we_effect_on&quot;:&quot;none&quot;}\" data-widget_type=\"heading.default\">\n\t\t\t\t<div class=\"elementor-widget-container\">\n\t\t\t\t\t<h3 class=\"elementor-heading-title elementor-size-default\">3. Prote\u00e7\u00e3o dos direitos e interesses do usu\u00e1rio<\/h3>\t\t\t\t<\/div>\n\t\t\t\t<\/div>\n\t\t\t\t<div class=\"elementor-element elementor-element-6786bdc elementor-widget elementor-widget-text-editor\" data-id=\"6786bdc\" data-element_type=\"widget\" data-settings=\"{&quot;ekit_we_effect_on&quot;:&quot;none&quot;}\" data-widget_type=\"text-editor.default\">\n\t\t\t\t<div class=\"elementor-widget-container\">\n\t\t\t\t\t\t\t\t\t<p>Atribu\u00edmos grande import\u00e2ncia aos seus direitos e tomamos as seguintes medidas para proteger sua privacidade e seguran\u00e7a:<br \/>Prote\u00e7\u00e3o das informa\u00e7\u00f5es do usu\u00e1rio: Prometemos n\u00e3o vender ou alugar suas informa\u00e7\u00f5es pessoais a terceiros, a menos que voc\u00ea concorde explicitamente ou que seja exigido por lei.<br \/>Prote\u00e7\u00e3o da propriedade intelectual: Respeitamos seus direitos de propriedade intelectual e tomamos medidas para evitar que suas informa\u00e7\u00f5es pessoais sejam usadas para fins ilegais.<br \/>Tratamento de viola\u00e7\u00f5es: Se encontrar algum comportamento que viole esta pol\u00edtica de privacidade, entre em contato conosco imediatamente, e tomaremos as medidas adequadas para corrigir e evitar comportamentos semelhantes.<\/p>\t\t\t\t\t\t\t\t<\/div>\n\t\t\t\t<\/div>\n\t\t\t\t<div class=\"elementor-element elementor-element-c0eed1f elementor-widget elementor-widget-heading\" data-id=\"c0eed1f\" data-element_type=\"widget\" data-settings=\"{&quot;ekit_we_effect_on&quot;:&quot;none&quot;}\" data-widget_type=\"heading.default\">\n\t\t\t\t<div class=\"elementor-widget-container\">\n\t\t\t\t\t<h3 class=\"elementor-heading-title elementor-size-default\">4. Isen\u00e7\u00e3o de responsabilidade<\/h3>\t\t\t\t<\/div>\n\t\t\t\t<\/div>\n\t\t\t\t<div class=\"elementor-element elementor-element-0d6ab82 elementor-widget elementor-widget-text-editor\" data-id=\"0d6ab82\" data-element_type=\"widget\" data-settings=\"{&quot;ekit_we_effect_on&quot;:&quot;none&quot;}\" data-widget_type=\"text-editor.default\">\n\t\t\t\t<div class=\"elementor-widget-container\">\n\t\t\t\t\t\t\t\t\t<p>RISCO E RESPONSABILIDADE DE USO: ao usar o site da TENESSY, voc\u00ea o faz por sua pr\u00f3pria conta e risco.<br>Isen\u00e7\u00e3o de responsabilidade por atos ilegais: A TENESSY n\u00e3o ser\u00e1 respons\u00e1vel por quaisquer atos ilegais encontrados por voc\u00ea ou por outros usu\u00e1rios durante o uso deste site.<br>Manuten\u00e7\u00e3o do ambiente de rede: A TENESSY incentiva todos os usu\u00e1rios a respeitarem as normas deste site e a manterem ativamente um bom ambiente de rede.<\/p><p><br>Se tiver alguma d\u00favida ou sugest\u00e3o sobre esta declara\u00e7\u00e3o de privacidade, entre em contato conosco:<br>E-mail: info@tenessy.com<br>Linha direta de atendimento ao cliente: +86 131 5618 5750<br>Esta declara\u00e7\u00e3o de privacidade ser\u00e1 atualizada continuamente para se adaptar \u00e0s novas leis e regulamenta\u00e7\u00f5es e \u00e0s necessidades comerciais. Em caso de altera\u00e7\u00f5es, publicaremos um aviso nesta p\u00e1gina. Fique atento a esta Declara\u00e7\u00e3o de Privacidade para obter o conte\u00fado mais recente.<\/p>\t\t\t\t\t\t\t\t<\/div>\n\t\t\t\t<\/div>\n\t\t\t\t\t<\/div>\n\t\t\t\t<\/div>\n\t\t\t\t<\/div>","protected":false},"excerpt":{"rendered":"<p>Home TENESSY Privacy Statement TENESSY takes your privacy very seriously and is committed to protecting your personal information and data security. The following is a statement about TENESSY&#8217;s privacy policy and confidentiality commitment. 1. Overview of Privacy Policy TENESSY collects and uses your personal information to provide you with quality service and a pleasant experience. [&hellip;]<\/p>","protected":false},"author":1,"featured_media":0,"parent":0,"menu_order":0,"comment_status":"closed","ping_status":"closed","template":"","meta":{"_monsterinsights_skip_tracking":false,"_monsterinsights_sitenote_active":false,"_monsterinsights_sitenote_note":"","_monsterinsights_sitenote_category":0,"footnotes":""},"class_list":["post-6760","page","type-page","status-publish","hentry"],"yoast_head":"<!-- This site is optimized with the Yoast SEO plugin v24.7 - https:\/\/yoast.com\/wordpress\/plugins\/seo\/ -->\n<title>Privacy Policy - HPMC|HEMC|HEC|RDP Manufacturer-TENESSY<\/title>\n<meta name=\"robots\" content=\"index, follow, max-snippet:-1, max-image-preview:large, max-video-preview:-1\" \/>\n<link rel=\"canonical\" href=\"https:\/\/tenessy.com\/pt\/politica-de-privacidade\/\" \/>\n<meta property=\"og:locale\" content=\"pt_BR\" \/>\n<meta property=\"og:type\" content=\"article\" \/>\n<meta property=\"og:title\" content=\"Privacy Policy - HPMC|HEMC|HEC|RDP Manufacturer-TENESSY\" \/>\n<meta property=\"og:description\" content=\"Home TENESSY Privacy Statement TENESSY takes your privacy very seriously and is committed to protecting your personal information and data security. The following is a statement about TENESSY&#8217;s privacy policy and confidentiality commitment. 1. Overview of Privacy Policy TENESSY collects and uses your personal information to provide you with quality service and a pleasant experience. [&hellip;]\" \/>\n<meta property=\"og:url\" content=\"https:\/\/tenessy.com\/pt\/politica-de-privacidade\/\" \/>\n<meta property=\"og:site_name\" content=\"HPMC|HEMC|HEC|RDP Manufacturer-TENESSY\" \/>\n<meta property=\"article:modified_time\" content=\"2024-10-11T08:36:04+00:00\" \/>\n<meta name=\"twitter:card\" content=\"summary_large_image\" \/>\n<meta name=\"twitter:label1\" content=\"Est. reading time\" \/>\n\t<meta name=\"twitter:data1\" content=\"2 minutes\" \/>\n<script type=\"application\/ld+json\" class=\"yoast-schema-graph\">{\"@context\":\"https:\/\/schema.org\",\"@graph\":[{\"@type\":\"WebPage\",\"@id\":\"https:\/\/tenessy.com\/privacy-policy\/\",\"url\":\"https:\/\/tenessy.com\/privacy-policy\/\",\"name\":\"Privacy Policy - HPMC|HEMC|HEC|RDP Manufacturer-TENESSY\",\"isPartOf\":{\"@id\":\"https:\/\/tenessy.com\/#website\"},\"datePublished\":\"2024-10-11T08:26:14+00:00\",\"dateModified\":\"2024-10-11T08:36:04+00:00\",\"breadcrumb\":{\"@id\":\"https:\/\/tenessy.com\/privacy-policy\/#breadcrumb\"},\"inLanguage\":\"pt-BR\",\"potentialAction\":[{\"@type\":\"ReadAction\",\"target\":[\"https:\/\/tenessy.com\/privacy-policy\/\"]}]},{\"@type\":\"BreadcrumbList\",\"@id\":\"https:\/\/tenessy.com\/privacy-policy\/#breadcrumb\",\"itemListElement\":[{\"@type\":\"ListItem\",\"position\":1,\"name\":\"Home\",\"item\":\"https:\/\/tenessy.com\/\"},{\"@type\":\"ListItem\",\"position\":2,\"name\":\"Privacy Policy\"}]},{\"@type\":\"WebSite\",\"@id\":\"https:\/\/tenessy.com\/#website\",\"url\":\"https:\/\/tenessy.com\/\",\"name\":\"Tenessy Cellulose Ether\",\"description\":\"HPMC|HEMC|HEC|RDP Manufacturer-TENESSY\",\"publisher\":{\"@id\":\"https:\/\/tenessy.com\/#organization\"},\"potentialAction\":[{\"@type\":\"SearchAction\",\"target\":{\"@type\":\"EntryPoint\",\"urlTemplate\":\"https:\/\/tenessy.com\/?s={search_term_string}\"},\"query-input\":{\"@type\":\"PropertyValueSpecification\",\"valueRequired\":true,\"valueName\":\"search_term_string\"}}],\"inLanguage\":\"pt-BR\"},{\"@type\":\"Organization\",\"@id\":\"https:\/\/tenessy.com\/#organization\",\"name\":\"Tenessy Cellulose Ether\",\"url\":\"https:\/\/tenessy.com\/\",\"logo\":{\"@type\":\"ImageObject\",\"inLanguage\":\"pt-BR\",\"@id\":\"https:\/\/tenessy.com\/#\/schema\/logo\/image\/\",\"url\":\"https:\/\/tenessy.com\/wp-content\/uploads\/2024\/09\/cropped-link-\u5934\u50cf.jpg\",\"contentUrl\":\"https:\/\/tenessy.com\/wp-content\/uploads\/2024\/09\/cropped-link-\u5934\u50cf.jpg\",\"width\":512,\"height\":512,\"caption\":\"Tenessy Cellulose Ether\"},\"image\":{\"@id\":\"https:\/\/tenessy.com\/#\/schema\/logo\/image\/\"}}]}<\/script>\n<!-- \/ Yoast SEO plugin. -->","yoast_head_json":{"title":"Privacy Policy - HPMC|HEMC|HEC|RDP Manufacturer-TENESSY","robots":{"index":"index","follow":"follow","max-snippet":"max-snippet:-1","max-image-preview":"max-image-preview:large","max-video-preview":"max-video-preview:-1"},"canonical":"https:\/\/tenessy.com\/pt\/politica-de-privacidade\/","og_locale":"pt_BR","og_type":"article","og_title":"Privacy Policy - HPMC|HEMC|HEC|RDP Manufacturer-TENESSY","og_description":"Home TENESSY Privacy Statement TENESSY takes your privacy very seriously and is committed to protecting your personal information and data security. The following is a statement about TENESSY&#8217;s privacy policy and confidentiality commitment. 1. Overview of Privacy Policy TENESSY collects and uses your personal information to provide you with quality service and a pleasant experience. [&hellip;]","og_url":"https:\/\/tenessy.com\/pt\/politica-de-privacidade\/","og_site_name":"HPMC|HEMC|HEC|RDP Manufacturer-TENESSY","article_modified_time":"2024-10-11T08:36:04+00:00","twitter_card":"summary_large_image","twitter_misc":{"Est. reading time":"2 minutes"},"schema":{"@context":"https:\/\/schema.org","@graph":[{"@type":"WebPage","@id":"https:\/\/tenessy.com\/privacy-policy\/","url":"https:\/\/tenessy.com\/privacy-policy\/","name":"Privacy Policy - HPMC|HEMC|HEC|RDP Manufacturer-TENESSY","isPartOf":{"@id":"https:\/\/tenessy.com\/#website"},"datePublished":"2024-10-11T08:26:14+00:00","dateModified":"2024-10-11T08:36:04+00:00","breadcrumb":{"@id":"https:\/\/tenessy.com\/privacy-policy\/#breadcrumb"},"inLanguage":"pt-BR","potentialAction":[{"@type":"ReadAction","target":["https:\/\/tenessy.com\/privacy-policy\/"]}]},{"@type":"BreadcrumbList","@id":"https:\/\/tenessy.com\/privacy-policy\/#breadcrumb","itemListElement":[{"@type":"ListItem","position":1,"name":"Home","item":"https:\/\/tenessy.com\/"},{"@type":"ListItem","position":2,"name":"Privacy Policy"}]},{"@type":"WebSite","@id":"https:\/\/tenessy.com\/#website","url":"https:\/\/tenessy.com\/","name":"Tenessy Cellulose Ether","description":"HPMC|HEMC|HEC|RDP Manufacturer-TENESSY","publisher":{"@id":"https:\/\/tenessy.com\/#organization"},"potentialAction":[{"@type":"SearchAction","target":{"@type":"EntryPoint","urlTemplate":"https:\/\/tenessy.com\/?s={search_term_string}"},"query-input":{"@type":"PropertyValueSpecification","valueRequired":true,"valueName":"search_term_string"}}],"inLanguage":"pt-BR"},{"@type":"Organization","@id":"https:\/\/tenessy.com\/#organization","name":"Tenessy Cellulose Ether","url":"https:\/\/tenessy.com\/","logo":{"@type":"ImageObject","inLanguage":"pt-BR","@id":"https:\/\/tenessy.com\/#\/schema\/logo\/image\/","url":"https:\/\/tenessy.com\/wp-content\/uploads\/2024\/09\/cropped-link-\u5934\u50cf.jpg","contentUrl":"https:\/\/tenessy.com\/wp-content\/uploads\/2024\/09\/cropped-link-\u5934\u50cf.jpg","width":512,"height":512,"caption":"Tenessy Cellulose Ether"},"image":{"@id":"https:\/\/tenessy.com\/#\/schema\/logo\/image\/"}}]}},"_links":{"self":[{"href":"https:\/\/tenessy.com\/pt\/wp-json\/wp\/v2\/pages\/6760"}],"collection":[{"href":"https:\/\/tenessy.com\/pt\/wp-json\/wp\/v2\/pages"}],"about":[{"href":"https:\/\/tenessy.com\/pt\/wp-json\/wp\/v2\/types\/page"}],"author":[{"embeddable":true,"href":"https:\/\/tenessy.com\/pt\/wp-json\/wp\/v2\/users\/1"}],"replies":[{"embeddable":true,"href":"https:\/\/tenessy.com\/pt\/wp-json\/wp\/v2\/comments?post=6760"}],"version-history":[{"count":4,"href":"https:\/\/tenessy.com\/pt\/wp-json\/wp\/v2\/pages\/6760\/revisions"}],"predecessor-version":[{"id":6765,"href":"https:\/\/tenessy.com\/pt\/wp-json\/wp\/v2\/pages\/6760\/revisions\/6765"}],"wp:attachment":[{"href":"https:\/\/tenessy.com\/pt\/wp-json\/wp\/v2\/media?parent=6760"}],"curies":[{"name":"wp","href":"https:\/\/api.w.org\/{rel}","templated":true}]}}