{"id":6760,"date":"2024-10-11T08:26:14","date_gmt":"2024-10-11T08:26:14","guid":{"rendered":"https:\/\/tenessy.com\/?page_id=6760"},"modified":"2024-10-11T08:36:04","modified_gmt":"2024-10-11T08:36:04","slug":"privacy-policy","status":"publish","type":"page","link":"https:\/\/tenessy.com\/tr\/gizlilik-politikasi\/","title":{"rendered":"Gizlilik Politikas\u0131"},"content":{"rendered":"<div data-elementor-type=\"wp-page\" data-elementor-id=\"6760\" class=\"elementor elementor-6760\" data-elementor-post-type=\"page\">\n\t\t\t\t<div class=\"elementor-element elementor-element-518b15be e-flex e-con-boxed e-con e-parent\" data-id=\"518b15be\" data-element_type=\"container\" data-settings=\"{&quot;background_background&quot;:&quot;classic&quot;,&quot;ekit_has_onepagescroll_dot&quot;:&quot;yes&quot;}\">\n\t\t\t\t\t<div class=\"e-con-inner\">\n\t\t<div class=\"elementor-element elementor-element-61d07a0d e-con-full e-flex e-con e-child\" data-id=\"61d07a0d\" data-element_type=\"container\" data-settings=\"{&quot;ekit_has_onepagescroll_dot&quot;:&quot;yes&quot;}\">\n\t\t\t\t<div class=\"elementor-element elementor-element-3363085d elementor-invisible elementor-widget elementor-widget-heading\" data-id=\"3363085d\" data-element_type=\"widget\" data-settings=\"{&quot;_animation&quot;:&quot;fadeInUp&quot;,&quot;ekit_we_effect_on&quot;:&quot;none&quot;}\" data-widget_type=\"heading.default\">\n\t\t\t\t<div class=\"elementor-widget-container\">\n\t\t\t\t\t<h1 class=\"elementor-heading-title elementor-size-default\">Gizlilik Politikas\u0131<\/h1>\t\t\t\t<\/div>\n\t\t\t\t<\/div>\n\t\t\t\t<div class=\"elementor-element elementor-element-1b29f31 elementor-widget elementor-widget-elementskit-breadcrumb\" data-id=\"1b29f31\" data-element_type=\"widget\" data-settings=\"{&quot;ekit_we_effect_on&quot;:&quot;none&quot;}\" data-widget_type=\"elementskit-breadcrumb.default\">\n\t\t\t\t<div class=\"elementor-widget-container\">\n\t\t\t\t\t<div class=\"ekit-wid-con\" ><ol class=\"ekit-breadcrumb\"><li class=\"ekit_breadcrumbs_start\"><a href=\"https:\/\/tenessy.com\/tr\">Ev<\/a><\/li><\/ol><\/div>\t\t\t\t<\/div>\n\t\t\t\t<\/div>\n\t\t\t\t<\/div>\n\t\t\t\t\t<\/div>\n\t\t\t\t<\/div>\n\t\t<div class=\"elementor-element elementor-element-3ff4295 e-flex e-con-boxed e-con e-parent\" data-id=\"3ff4295\" data-element_type=\"container\" data-settings=\"{&quot;ekit_has_onepagescroll_dot&quot;:&quot;yes&quot;}\">\n\t\t\t\t\t<div class=\"e-con-inner\">\n\t\t\t\t<div class=\"elementor-element elementor-element-fe0cc1a elementor-widget elementor-widget-heading\" data-id=\"fe0cc1a\" data-element_type=\"widget\" data-settings=\"{&quot;ekit_we_effect_on&quot;:&quot;none&quot;}\" data-widget_type=\"heading.default\">\n\t\t\t\t<div class=\"elementor-widget-container\">\n\t\t\t\t\t<h2 class=\"elementor-heading-title elementor-size-default\">TENESSY Gizlilik Bildirimi<\/h2>\t\t\t\t<\/div>\n\t\t\t\t<\/div>\n\t\t\t\t<div class=\"elementor-element elementor-element-bf8828b elementor-widget elementor-widget-text-editor\" data-id=\"bf8828b\" data-element_type=\"widget\" data-settings=\"{&quot;ekit_we_effect_on&quot;:&quot;none&quot;}\" data-widget_type=\"text-editor.default\">\n\t\t\t\t<div class=\"elementor-widget-container\">\n\t\t\t\t\t\t\t\t\t<p>TENESSY gizlili\u011finizi \u00e7ok ciddiye al\u0131r ve ki\u015fisel bilgilerinizi ve veri g\u00fcvenli\u011finizi korumay\u0131 taahh\u00fct eder. A\u015fa\u011f\u0131da TENESSY'nin gizlilik politikas\u0131 ve gizlilik taahh\u00fcd\u00fc hakk\u0131nda bir a\u00e7\u0131klama yer almaktad\u0131r.<\/p>\t\t\t\t\t\t\t\t<\/div>\n\t\t\t\t<\/div>\n\t\t\t\t<div class=\"elementor-element elementor-element-8d47355 elementor-widget elementor-widget-heading\" data-id=\"8d47355\" data-element_type=\"widget\" data-settings=\"{&quot;ekit_we_effect_on&quot;:&quot;none&quot;}\" data-widget_type=\"heading.default\">\n\t\t\t\t<div class=\"elementor-widget-container\">\n\t\t\t\t\t<h3 class=\"elementor-heading-title elementor-size-default\">1. Gizlilik Politikas\u0131na Genel Bak\u0131\u015f<\/h3>\t\t\t\t<\/div>\n\t\t\t\t<\/div>\n\t\t\t\t<div class=\"elementor-element elementor-element-1276d7e elementor-widget elementor-widget-text-editor\" data-id=\"1276d7e\" data-element_type=\"widget\" data-settings=\"{&quot;ekit_we_effect_on&quot;:&quot;none&quot;}\" data-widget_type=\"text-editor.default\">\n\t\t\t\t<div class=\"elementor-widget-container\">\n\t\t\t\t\t\t\t\t\t<p>TENESSY, size kaliteli hizmet ve ho\u015f bir deneyim sunmak i\u00e7in ki\u015fisel bilgilerinizi toplar ve kullan\u0131r. Gizlilik korumam\u0131z, tarama, sat\u0131n alma, kay\u0131t, mesaj b\u0131rakma ve di\u011fer davran\u0131\u015flar\u0131n\u0131z dahil ancak bunlarla s\u0131n\u0131rl\u0131 olmamak \u00fczere TENESSY web sitesindeki t\u00fcm faaliyetlerinizi kapsar.<br \/>Ki\u015fisel bilgilerinizi yaln\u0131zca sizin izninizle veya yasalar\u0131n gerektirdi\u011fi \u015fekilde toplayacak ve kullanaca\u011f\u0131z. Ki\u015fisel bilgilerinizi i\u015flerken ilgili yasa ve y\u00f6netmeliklere kesinlikle uyaca\u011f\u0131m\u0131za ve gizlili\u011finizi korumak i\u00e7in uygun \u00f6nlemleri alaca\u011f\u0131m\u0131za s\u00f6z veriyoruz.<\/p>\t\t\t\t\t\t\t\t<\/div>\n\t\t\t\t<\/div>\n\t\t\t\t<div class=\"elementor-element elementor-element-a868ce4 elementor-widget elementor-widget-heading\" data-id=\"a868ce4\" data-element_type=\"widget\" data-settings=\"{&quot;ekit_we_effect_on&quot;:&quot;none&quot;}\" data-widget_type=\"heading.default\">\n\t\t\t\t<div class=\"elementor-widget-container\">\n\t\t\t\t\t<h3 class=\"elementor-heading-title elementor-size-default\">2. Veri g\u00fcvenli\u011fi \u00f6nlemleri<\/h3>\t\t\t\t<\/div>\n\t\t\t\t<\/div>\n\t\t\t\t<div class=\"elementor-element elementor-element-1ede974 elementor-widget elementor-widget-text-editor\" data-id=\"1ede974\" data-element_type=\"widget\" data-settings=\"{&quot;ekit_we_effect_on&quot;:&quot;none&quot;}\" data-widget_type=\"text-editor.default\">\n\t\t\t\t<div class=\"elementor-widget-container\">\n\t\t\t\t\t\t\t\t\t<p>Veri g\u00fcvenli\u011finizi sa\u011flamak i\u00e7in a\u015fa\u011f\u0131daki \u00f6nlemleri ald\u0131k:<br \/>Veri \u015fifreleme: Yetkisiz eri\u015fimi ve veri s\u0131z\u0131nt\u0131s\u0131n\u0131 \u00f6nlemek i\u00e7in ki\u015fisel bilgilerinizi sunucular\u0131m\u0131zda \u015fifrelenmi\u015f olarak sakl\u0131yoruz.<br \/>Eri\u015fim Kontrol\u00fc: Ki\u015fisel bilgilerinize eri\u015fimi kesinlikle k\u0131s\u0131tl\u0131yoruz ve yaln\u0131zca ihtiyac\u0131 olan \u00e7al\u0131\u015fanlar ve ortaklar taraf\u0131ndan kullan\u0131yoruz.<br \/>Veri Yedekleme: Veri kayb\u0131n\u0131 veya bozulmas\u0131n\u0131 \u00f6nlemek i\u00e7in ki\u015fisel bilgilerinizi d\u00fczenli olarak yedekliyoruz.<\/p>\t\t\t\t\t\t\t\t<\/div>\n\t\t\t\t<\/div>\n\t\t\t\t<div class=\"elementor-element elementor-element-da5b2b9 elementor-widget elementor-widget-heading\" data-id=\"da5b2b9\" data-element_type=\"widget\" data-settings=\"{&quot;ekit_we_effect_on&quot;:&quot;none&quot;}\" data-widget_type=\"heading.default\">\n\t\t\t\t<div class=\"elementor-widget-container\">\n\t\t\t\t\t<h3 class=\"elementor-heading-title elementor-size-default\">3. Kullan\u0131c\u0131 Hak ve Menfaatlerinin Korunmas\u0131<\/h3>\t\t\t\t<\/div>\n\t\t\t\t<\/div>\n\t\t\t\t<div class=\"elementor-element elementor-element-6786bdc elementor-widget elementor-widget-text-editor\" data-id=\"6786bdc\" data-element_type=\"widget\" data-settings=\"{&quot;ekit_we_effect_on&quot;:&quot;none&quot;}\" data-widget_type=\"text-editor.default\">\n\t\t\t\t<div class=\"elementor-widget-container\">\n\t\t\t\t\t\t\t\t\t<p>Haklar\u0131n\u0131za b\u00fcy\u00fck \u00f6nem veriyor, gizlili\u011finizi ve g\u00fcvenli\u011finizi korumak i\u00e7in a\u015fa\u011f\u0131daki \u00f6nlemleri al\u0131yoruz:<br \/>Kullan\u0131c\u0131 bilgilerinin korunmas\u0131: A\u00e7\u0131k\u00e7a kabul etmedi\u011finiz veya yasalar gerektirmedi\u011fi s\u00fcrece ki\u015fisel bilgilerinizi \u00fc\u00e7\u00fcnc\u00fc taraflara satmayaca\u011f\u0131m\u0131za veya kiralamayaca\u011f\u0131m\u0131za s\u00f6z veriyoruz.<br \/>Fikri m\u00fclkiyet korumas\u0131: Fikri m\u00fclkiyet haklar\u0131n\u0131za sayg\u0131 duyuyor ve ki\u015fisel bilgilerinizin yasa d\u0131\u015f\u0131 ama\u00e7larla kullan\u0131lmas\u0131n\u0131 \u00f6nlemek i\u00e7in gerekli ad\u0131mlar\u0131 at\u0131yoruz.<br \/>\u0130hlallerin ele al\u0131nmas\u0131: Bu gizlilik politikas\u0131n\u0131 ihlal eden herhangi bir davran\u0131\u015f tespit ederseniz, l\u00fctfen derhal bizimle ileti\u015fime ge\u00e7in; benzer davran\u0131\u015flar\u0131 d\u00fczeltmek ve \u00f6nlemek i\u00e7in uygun \u00f6nlemleri alaca\u011f\u0131z.<\/p>\t\t\t\t\t\t\t\t<\/div>\n\t\t\t\t<\/div>\n\t\t\t\t<div class=\"elementor-element elementor-element-c0eed1f elementor-widget elementor-widget-heading\" data-id=\"c0eed1f\" data-element_type=\"widget\" data-settings=\"{&quot;ekit_we_effect_on&quot;:&quot;none&quot;}\" data-widget_type=\"heading.default\">\n\t\t\t\t<div class=\"elementor-widget-container\">\n\t\t\t\t\t<h3 class=\"elementor-heading-title elementor-size-default\">4. Sorumluluk Reddi<\/h3>\t\t\t\t<\/div>\n\t\t\t\t<\/div>\n\t\t\t\t<div class=\"elementor-element elementor-element-0d6ab82 elementor-widget elementor-widget-text-editor\" data-id=\"0d6ab82\" data-element_type=\"widget\" data-settings=\"{&quot;ekit_we_effect_on&quot;:&quot;none&quot;}\" data-widget_type=\"text-editor.default\">\n\t\t\t\t<div class=\"elementor-widget-container\">\n\t\t\t\t\t\t\t\t\t<p>KULLANIM R\u0130SK\u0130 VE SORUMLULUK: TENESSY web sitesini kulland\u0131\u011f\u0131n\u0131zda, bunu kendi risk ve sorumlulu\u011funuzda yapars\u0131n\u0131z.<br>Yasad\u0131\u015f\u0131 Eylemlerin Reddi: TENESSY, bu web sitesini kullan\u0131rken sizin veya di\u011fer kullan\u0131c\u0131lar\u0131n kar\u015f\u0131la\u015ft\u0131\u011f\u0131 herhangi bir yasad\u0131\u015f\u0131 eylemden sorumlu olmayacakt\u0131r.<br>A\u011f ortam\u0131n\u0131n bak\u0131m\u0131: TENESSY, t\u00fcm kullan\u0131c\u0131lar\u0131 bu web sitesinin d\u00fczenlemelerine sayg\u0131 g\u00f6stermeye ve iyi bir a\u011f ortam\u0131n\u0131 aktif olarak s\u00fcrd\u00fcrmeye te\u015fvik eder.<\/p><p><br>Bu gizlilik bildirimi hakk\u0131nda herhangi bir sorunuz veya \u00f6neriniz varsa, l\u00fctfen bizimle ileti\u015fime ge\u00e7in:<br>E-posta: info@tenessy.com<br>M\u00fc\u015fteri hizmetleri hatt\u0131: +86 131 5618 5750<br>Bu gizlilik bildirimi, yeni yasa ve y\u00f6netmeliklere ve i\u015f ihtiya\u00e7lar\u0131na uyum sa\u011flamak i\u00e7in s\u00fcrekli olarak g\u00fcncellenecektir. Herhangi bir de\u011fi\u015fiklik olmas\u0131 durumunda, bu sayfada bir bildirim yay\u0131nlayaca\u011f\u0131z. En son i\u00e7erik i\u00e7in l\u00fctfen bu Gizlilik Bildirimini takip edin.<\/p>\t\t\t\t\t\t\t\t<\/div>\n\t\t\t\t<\/div>\n\t\t\t\t\t<\/div>\n\t\t\t\t<\/div>\n\t\t\t\t<\/div>","protected":false},"excerpt":{"rendered":"<p>Home TENESSY Privacy Statement TENESSY takes your privacy very seriously and is committed to protecting your personal information and data security. The following is a statement about TENESSY&#8217;s privacy policy and confidentiality commitment. 1. Overview of Privacy Policy TENESSY collects and uses your personal information to provide you with quality service and a pleasant experience. [&hellip;]<\/p>","protected":false},"author":1,"featured_media":0,"parent":0,"menu_order":0,"comment_status":"closed","ping_status":"closed","template":"","meta":{"_monsterinsights_skip_tracking":false,"_monsterinsights_sitenote_active":false,"_monsterinsights_sitenote_note":"","_monsterinsights_sitenote_category":0,"footnotes":""},"class_list":["post-6760","page","type-page","status-publish","hentry"],"yoast_head":"<!-- This site is optimized with the Yoast SEO plugin v24.7 - https:\/\/yoast.com\/wordpress\/plugins\/seo\/ -->\n<title>Privacy Policy - HPMC|HEMC|HEC|RDP Manufacturer-TENESSY<\/title>\n<meta name=\"robots\" content=\"index, follow, max-snippet:-1, max-image-preview:large, max-video-preview:-1\" \/>\n<link rel=\"canonical\" href=\"https:\/\/tenessy.com\/tr\/gizlilik-politikasi\/\" \/>\n<meta property=\"og:locale\" content=\"tr_TR\" \/>\n<meta property=\"og:type\" content=\"article\" \/>\n<meta property=\"og:title\" content=\"Privacy Policy - HPMC|HEMC|HEC|RDP Manufacturer-TENESSY\" \/>\n<meta property=\"og:description\" content=\"Home TENESSY Privacy Statement TENESSY takes your privacy very seriously and is committed to protecting your personal information and data security. The following is a statement about TENESSY&#8217;s privacy policy and confidentiality commitment. 1. Overview of Privacy Policy TENESSY collects and uses your personal information to provide you with quality service and a pleasant experience. [&hellip;]\" \/>\n<meta property=\"og:url\" content=\"https:\/\/tenessy.com\/tr\/gizlilik-politikasi\/\" \/>\n<meta property=\"og:site_name\" content=\"HPMC|HEMC|HEC|RDP Manufacturer-TENESSY\" \/>\n<meta property=\"article:modified_time\" content=\"2024-10-11T08:36:04+00:00\" \/>\n<meta name=\"twitter:card\" content=\"summary_large_image\" \/>\n<meta name=\"twitter:label1\" content=\"Est. reading time\" \/>\n\t<meta name=\"twitter:data1\" content=\"2 minutes\" \/>\n<script type=\"application\/ld+json\" class=\"yoast-schema-graph\">{\"@context\":\"https:\/\/schema.org\",\"@graph\":[{\"@type\":\"WebPage\",\"@id\":\"https:\/\/tenessy.com\/privacy-policy\/\",\"url\":\"https:\/\/tenessy.com\/privacy-policy\/\",\"name\":\"Privacy Policy - HPMC|HEMC|HEC|RDP Manufacturer-TENESSY\",\"isPartOf\":{\"@id\":\"https:\/\/tenessy.com\/#website\"},\"datePublished\":\"2024-10-11T08:26:14+00:00\",\"dateModified\":\"2024-10-11T08:36:04+00:00\",\"breadcrumb\":{\"@id\":\"https:\/\/tenessy.com\/privacy-policy\/#breadcrumb\"},\"inLanguage\":\"tr-TR\",\"potentialAction\":[{\"@type\":\"ReadAction\",\"target\":[\"https:\/\/tenessy.com\/privacy-policy\/\"]}]},{\"@type\":\"BreadcrumbList\",\"@id\":\"https:\/\/tenessy.com\/privacy-policy\/#breadcrumb\",\"itemListElement\":[{\"@type\":\"ListItem\",\"position\":1,\"name\":\"Home\",\"item\":\"https:\/\/tenessy.com\/\"},{\"@type\":\"ListItem\",\"position\":2,\"name\":\"Privacy Policy\"}]},{\"@type\":\"WebSite\",\"@id\":\"https:\/\/tenessy.com\/#website\",\"url\":\"https:\/\/tenessy.com\/\",\"name\":\"Tenessy Cellulose Ether\",\"description\":\"HPMC|HEMC|HEC|RDP Manufacturer-TENESSY\",\"publisher\":{\"@id\":\"https:\/\/tenessy.com\/#organization\"},\"potentialAction\":[{\"@type\":\"SearchAction\",\"target\":{\"@type\":\"EntryPoint\",\"urlTemplate\":\"https:\/\/tenessy.com\/?s={search_term_string}\"},\"query-input\":{\"@type\":\"PropertyValueSpecification\",\"valueRequired\":true,\"valueName\":\"search_term_string\"}}],\"inLanguage\":\"tr-TR\"},{\"@type\":\"Organization\",\"@id\":\"https:\/\/tenessy.com\/#organization\",\"name\":\"Tenessy Cellulose Ether\",\"url\":\"https:\/\/tenessy.com\/\",\"logo\":{\"@type\":\"ImageObject\",\"inLanguage\":\"tr-TR\",\"@id\":\"https:\/\/tenessy.com\/#\/schema\/logo\/image\/\",\"url\":\"https:\/\/tenessy.com\/wp-content\/uploads\/2024\/09\/cropped-link-\u5934\u50cf.jpg\",\"contentUrl\":\"https:\/\/tenessy.com\/wp-content\/uploads\/2024\/09\/cropped-link-\u5934\u50cf.jpg\",\"width\":512,\"height\":512,\"caption\":\"Tenessy Cellulose Ether\"},\"image\":{\"@id\":\"https:\/\/tenessy.com\/#\/schema\/logo\/image\/\"}}]}<\/script>\n<!-- \/ Yoast SEO plugin. -->","yoast_head_json":{"title":"Privacy Policy - HPMC|HEMC|HEC|RDP Manufacturer-TENESSY","robots":{"index":"index","follow":"follow","max-snippet":"max-snippet:-1","max-image-preview":"max-image-preview:large","max-video-preview":"max-video-preview:-1"},"canonical":"https:\/\/tenessy.com\/tr\/gizlilik-politikasi\/","og_locale":"tr_TR","og_type":"article","og_title":"Privacy Policy - HPMC|HEMC|HEC|RDP Manufacturer-TENESSY","og_description":"Home TENESSY Privacy Statement TENESSY takes your privacy very seriously and is committed to protecting your personal information and data security. The following is a statement about TENESSY&#8217;s privacy policy and confidentiality commitment. 1. Overview of Privacy Policy TENESSY collects and uses your personal information to provide you with quality service and a pleasant experience. [&hellip;]","og_url":"https:\/\/tenessy.com\/tr\/gizlilik-politikasi\/","og_site_name":"HPMC|HEMC|HEC|RDP Manufacturer-TENESSY","article_modified_time":"2024-10-11T08:36:04+00:00","twitter_card":"summary_large_image","twitter_misc":{"Est. reading time":"2 minutes"},"schema":{"@context":"https:\/\/schema.org","@graph":[{"@type":"WebPage","@id":"https:\/\/tenessy.com\/privacy-policy\/","url":"https:\/\/tenessy.com\/privacy-policy\/","name":"Privacy Policy - HPMC|HEMC|HEC|RDP Manufacturer-TENESSY","isPartOf":{"@id":"https:\/\/tenessy.com\/#website"},"datePublished":"2024-10-11T08:26:14+00:00","dateModified":"2024-10-11T08:36:04+00:00","breadcrumb":{"@id":"https:\/\/tenessy.com\/privacy-policy\/#breadcrumb"},"inLanguage":"tr-TR","potentialAction":[{"@type":"ReadAction","target":["https:\/\/tenessy.com\/privacy-policy\/"]}]},{"@type":"BreadcrumbList","@id":"https:\/\/tenessy.com\/privacy-policy\/#breadcrumb","itemListElement":[{"@type":"ListItem","position":1,"name":"Home","item":"https:\/\/tenessy.com\/"},{"@type":"ListItem","position":2,"name":"Privacy Policy"}]},{"@type":"WebSite","@id":"https:\/\/tenessy.com\/#website","url":"https:\/\/tenessy.com\/","name":"Tenessy Cellulose Ether","description":"HPMC|HEMC|HEC|RDP Manufacturer-TENESSY","publisher":{"@id":"https:\/\/tenessy.com\/#organization"},"potentialAction":[{"@type":"SearchAction","target":{"@type":"EntryPoint","urlTemplate":"https:\/\/tenessy.com\/?s={search_term_string}"},"query-input":{"@type":"PropertyValueSpecification","valueRequired":true,"valueName":"search_term_string"}}],"inLanguage":"tr-TR"},{"@type":"Organization","@id":"https:\/\/tenessy.com\/#organization","name":"Tenessy Cellulose Ether","url":"https:\/\/tenessy.com\/","logo":{"@type":"ImageObject","inLanguage":"tr-TR","@id":"https:\/\/tenessy.com\/#\/schema\/logo\/image\/","url":"https:\/\/tenessy.com\/wp-content\/uploads\/2024\/09\/cropped-link-\u5934\u50cf.jpg","contentUrl":"https:\/\/tenessy.com\/wp-content\/uploads\/2024\/09\/cropped-link-\u5934\u50cf.jpg","width":512,"height":512,"caption":"Tenessy Cellulose Ether"},"image":{"@id":"https:\/\/tenessy.com\/#\/schema\/logo\/image\/"}}]}},"_links":{"self":[{"href":"https:\/\/tenessy.com\/tr\/wp-json\/wp\/v2\/pages\/6760"}],"collection":[{"href":"https:\/\/tenessy.com\/tr\/wp-json\/wp\/v2\/pages"}],"about":[{"href":"https:\/\/tenessy.com\/tr\/wp-json\/wp\/v2\/types\/page"}],"author":[{"embeddable":true,"href":"https:\/\/tenessy.com\/tr\/wp-json\/wp\/v2\/users\/1"}],"replies":[{"embeddable":true,"href":"https:\/\/tenessy.com\/tr\/wp-json\/wp\/v2\/comments?post=6760"}],"version-history":[{"count":4,"href":"https:\/\/tenessy.com\/tr\/wp-json\/wp\/v2\/pages\/6760\/revisions"}],"predecessor-version":[{"id":6765,"href":"https:\/\/tenessy.com\/tr\/wp-json\/wp\/v2\/pages\/6760\/revisions\/6765"}],"wp:attachment":[{"href":"https:\/\/tenessy.com\/tr\/wp-json\/wp\/v2\/media?parent=6760"}],"curies":[{"name":"wp","href":"https:\/\/api.w.org\/{rel}","templated":true}]}}